{"id":2654,"date":"2025-04-04T12:00:16","date_gmt":"2025-04-04T10:00:16","guid":{"rendered":"https:\/\/www.regardsdecyn.com\/?post_type=product&#038;p=2654"},"modified":"2026-03-20T11:08:02","modified_gmt":"2026-03-20T10:08:02","slug":"marque-pages-illustre-mesange-bleue","status":"publish","type":"product","link":"https:\/\/www.regardsdecyn.com\/en\/product\/marque-pages-illustre-mesange-bleue\/","title":{"rendered":"Marque-pages illustr\u00e9 m\u00e9sange bleue"},"content":{"rendered":"<h5 class=\"western\"><span style=\"color: #85a2b0;\"><span style=\"font-family: Liberation Serif, serif;\"><span style=\"font-size: medium;\">Marque-pages illustr\u00e9 m\u00e9sange bleue<\/span><\/span><\/span><\/h5>\n<p>&nbsp;<\/p>\n<p><span style=\"color: #000000;\"><span style=\"font-family: Liberation Serif, serif;\"><span style=\"font-size: medium;\">Chaque moment de lecture est l\u2019occasion de cr\u00e9er un petit cocon de douceur. Une bougie, une boisson chaude, un plaid et un marque-pages sont parfaits pour faire de ces moments des instants uniques.<\/span><\/span><\/span><\/p>\n<p><span style=\"color: #000000;\"><span style=\"font-family: Liberation Serif, serif;\"><span style=\"font-size: medium;\">Ce<\/span><\/span><\/span><strong><span style=\"color: #000000;\"><span style=\"font-family: Liberation Serif, serif;\"><span style=\"font-size: medium;\">\u00a0<\/span><\/span><\/span><\/strong><strong><span style=\"color: #000000;\"><span style=\"font-family: Liberation Serif, serif;\"><span style=\"font-size: medium;\"><b>marque-pages illustr\u00e9 m\u00e9sange bleue <\/b><\/span><\/span><\/span><\/strong><span style=\"color: #000000;\"><span style=\"font-family: Liberation Serif, serif;\"><span style=\"font-size: medium;\">est le compagnon id\u00e9al de ton livre du moment. Son petit format en fait le marque-page parfait puisqu&#8217;il se glisse ais\u00e9ment dans les formats poche.\u00a0<\/span><\/span><\/span><\/p>\n<p><span style=\"color: #000000;\">\u00a0<\/span><\/p>\n<h6 class=\"western\"><span style=\"color: #85a2b0;\"><span style=\"font-family: Liberation Serif, serif;\"><span style=\"font-size: medium;\">Ce qui le rend unique ?<\/span><\/span><\/span><\/h6>\n<ul type=\"disc\">\n<li><span style=\"color: #000000;\"><span style=\"font-family: Liberation Serif, serif;\"><span style=\"font-size: medium;\">impression\u00a0 sur\u00a0<\/span><\/span><\/span><strong><span style=\"color: #000000;\"><span style=\"font-family: Liberation Serif, serif;\"><span style=\"font-size: medium;\"><b>papier de qualit\u00e9<\/b><\/span><\/span><\/span><\/strong><span style=\"color: #000000;\"><span style=\"font-family: Liberation Serif, serif;\"><span style=\"font-size: medium;\">\u00a0\u00e9pais\u00a0<\/span><\/span><\/span><strong><span style=\"color: #000000;\"><span style=\"font-family: Liberation Serif, serif;\"><span style=\"font-size: medium;\"><b>100% recycl\u00e9<\/b><\/span><\/span><\/span><\/strong><\/li>\n<li><span style=\"color: #000000;\"><span style=\"font-family: Liberation Serif, serif;\"><span style=\"font-size: medium;\">une illustration r\u00e9alis\u00e9e aux crayons de couleurs repr\u00e9sentant une m\u00e9sange p\u00e9tillante<\/span><\/span><\/span><\/li>\n<li><span style=\"color: #000000;\"><span style=\"font-family: Liberation Serif, serif;\"><span style=\"font-size: medium;\">impression dans une papeterie locale \u00e9co-responsable<\/span><\/span><\/span><\/li>\n<li><span style=\"color: #000000;\"><span style=\"font-family: Liberation Serif, serif;\"><span style=\"font-size: medium;\">son petit format pour le glisser facilement partout<\/span><\/span><\/span><\/li>\n<li>la m\u00e9sange existe aussi en <a href=\"https:\/\/www.regardsdecyn.com\/en\/product\/carte-postale-illustree-mesange-bleue\/\">carte postale<\/a> pour que tu puisse te faire un petit ensemble de papeterie !<\/li>\n<\/ul>\n<p><span style=\"color: #000000;\"><span style=\"font-family: Liberation Serif, serif;\"><span style=\"font-size: medium;\">Si tu es fan de marque-pages et que comme moi tu les collectionne, tu peux retrouver tout ceux que je te propose\u00a0<\/span><\/span><\/span><a href=\"https:\/\/www.regardsdecyn.com\/en\/product-category\/marque-pages\/\"><span style=\"color: #85a2b0;\"><span style=\"font-family: Liberation Serif, serif;\"><span style=\"font-size: medium;\">juste ici!<\/span><\/span><\/span><\/a><\/p>\n<p>&nbsp;<\/p>\n<h6 class=\"western\"><span style=\"font-family: Liberation Serif, serif;\"><span style=\"font-size: medium;\">Ton marque-pages m\u00e9sange bleue volette jusque chez toi<\/span><\/span><\/h6>\n<p><span style=\"font-family: Liberation Serif, serif;\"><span style=\"font-size: medium;\">Ton marque-pages illustr\u00e9 m\u00e9sange bleue te sera envoy\u00e9 <\/span><\/span><strong><span style=\"font-family: Liberation Serif, serif;\"><span style=\"font-size: medium;\">emball\u00e9 dans un cocon<\/span><\/span><\/strong><span style=\"font-family: Liberation Serif, serif;\"><span style=\"font-size: medium;\"> de papier de soie reposant dans une enveloppe pour plus de douceur et de s\u00e9r\u00e9nit\u00e9 durant son voyage. Je l\u2019accompagne d\u2019un petit <\/span><\/span><strong><span style=\"font-family: Liberation Serif, serif;\"><span style=\"font-size: medium;\">mot manuscrit<\/span><\/span><\/strong><span style=\"font-family: Liberation Serif, serif;\"><span style=\"font-size: medium;\">\u00a0\u00e9crit rien que pour toi, avec toute ma tendresse.<\/span><\/span><\/p>\n<p><span style=\"font-family: Liberation Serif, serif;\"><span style=\"font-size: medium;\">Tu es\u00a0<\/span><\/span><strong><span style=\"font-family: Liberation Serif, serif;\"><span style=\"font-size: medium;\">unique<\/span><\/span><\/strong><span style=\"font-family: Liberation Serif, serif;\"><span style=\"font-size: medium;\">, ta commande se doit de l\u2019\u00eatre aussi.<\/span><\/span><\/p>\n<p><span style=\"font-family: Liberation Serif, serif;\"><span style=\"font-size: medium;\">Tu souhaites l\u2019offrir ? Je peux l\u2019envoyer pour toi \u00e0 la personne de ton choix et\u00a0retranscrire tes mots\u00a0de ma belle \u00e9criture pour une\u00a0surprise\u00a0d\u2019autant plus appr\u00e9ci\u00e9e !\u00a0 Signale-le moi dans l\u2019espace commentaire lors de ta commande.<\/span><\/span><\/p>\n<p>&nbsp;<\/p>\n<p><span style=\"font-family: Liberation Serif, serif;\"><span style=\"font-size: medium;\">Cette illustration te pla\u00eet tellement que tu te demande si l\u2019original est disponible et si tu pourrais l\u2019acheter ? Il est disponible et n\u2019attend qu\u2019une nouvelle maison pour s\u2019\u00e9panouir. Envoie-moi un message\u00a0<a href=\"https:\/\/www.regardsdecyn.com\/en\/contact\/\">ici<\/a>\u00a0ou viens me retrouver sur\u00a0<a href=\"https:\/\/www.instagram.com\/regards_de_cyn_illustration\/\">instagram<\/a>\u00a0!<\/span><\/span><\/p>\n<p>&nbsp;<\/p>\n<p><strong>Ici, chaque objet achet\u00e9 participe \u00e0 la sauvegarde de la biodiversit\u00e9 : 1 euro du prix que tu paies est consacr\u00e9 \u00e0 un don que je ferai en fin d&#8217;ann\u00e9e \u00e0 une association \u0153uvrant pour le bien du vivant.\u00a0<\/strong><\/p>","protected":false},"excerpt":{"rendered":"<p><span style=\"color: #000000;\"><span style=\"font-family: Liberation Serif, serif;\"><span style=\"font-size: medium;\">Chaque moment de lecture est l\u2019occasion de cr\u00e9er un petit cocon de douceur. Une bougie, une boisson chaude, un plaid et un marque-pages sont parfaits pour faire de ces moments des instants uniques.<\/span><\/span><\/span><\/p>\n<p><span style=\"color: #000000;\"><span style=\"font-family: Liberation Serif, serif;\"><span style=\"font-size: medium;\">Ce<\/span><\/span><\/span><strong><span style=\"color: #000000;\"><span style=\"font-family: Liberation Serif, serif;\"><span style=\"font-size: medium;\">\u00a0<\/span><\/span><\/span><\/strong><strong><span style=\"color: #000000;\"><span style=\"font-family: Liberation Serif, serif;\"><span style=\"font-size: medium;\"><b>marque-pages illustr\u00e9 m\u00e9sange bleue <\/b><\/span><\/span><\/span><\/strong><span style=\"color: #000000;\"><span style=\"font-family: Liberation Serif, serif;\"><span style=\"font-size: medium;\">est le compagnon id\u00e9al de ton livre du moment. Son petit format en fait le marque-page parfait puisqu&#8217;il se glisse ais\u00e9ment dans les formats poche.\u00a0<\/span><\/span><\/span><\/p>\n<p><span style=\"color: #000000;\">\u00a0<\/span><\/p>\n<h6 class=\"western\"><span style=\"color: #85a2b0;\"><span style=\"font-family: Liberation Serif, serif;\"><span style=\"font-size: medium;\">Ce qui le rend unique ?<\/span><\/span><\/span><\/h6>\n<ul type=\"disc\">\n<li><span style=\"color: #000000;\"><span style=\"font-family: Liberation Serif, serif;\"><span style=\"font-size: medium;\">impression\u00a0 sur\u00a0<\/span><\/span><\/span><strong><span style=\"color: #000000;\"><span style=\"font-family: Liberation Serif, serif;\"><span style=\"font-size: medium;\"><b>papier de qualit\u00e9<\/b><\/span><\/span><\/span><\/strong><span style=\"color: #000000;\"><span style=\"font-family: Liberation Serif, serif;\"><span style=\"font-size: medium;\">\u00a0\u00e9pais\u00a0<\/span><\/span><\/span><strong><span style=\"color: #000000;\"><span style=\"font-family: Liberation Serif, serif;\"><span style=\"font-size: medium;\"><b>100% recycl\u00e9<\/b><\/span><\/span><\/span><\/strong><\/li>\n<li><span style=\"color: #000000;\"><span style=\"font-family: Liberation Serif, serif;\"><span style=\"font-size: medium;\">une illustration r\u00e9alis\u00e9e aux crayons de couleurs repr\u00e9sentant une m\u00e9sange p\u00e9tillante<\/span><\/span><\/span><\/li>\n<li><span style=\"color: #000000;\"><span style=\"font-family: Liberation Serif, serif;\"><span style=\"font-size: medium;\">impression dans une papeterie locale \u00e9co-responsable<\/span><\/span><\/span><\/li>\n<li><span style=\"color: #000000;\"><span style=\"font-family: Liberation Serif, serif;\"><span style=\"font-size: medium;\">son petit format pour le glisser facilement partout<\/span><\/span><\/span><\/li>\n<li>la m\u00e9sange existe aussi en <a href=\"https:\/\/www.regardsdecyn.com\/en\/product\/carte-postale-illustree-mesange-bleue\/\">carte postale<\/a> pour que tu puisse te faire un petit ensemble de papeterie !<\/li>\n<\/ul>\n<p>&nbsp;<\/p>\n<p><strong>Ici, chaque objet achet\u00e9 participe \u00e0 la sauvegarde de la biodiversit\u00e9 : 1 euro du prix que tu paies est consacr\u00e9 \u00e0 un don que je ferai en fin d&#8217;ann\u00e9e \u00e0 une association \u0153uvrant pour le bien du vivant.\u00a0<\/strong><\/p>","protected":false},"featured_media":2636,"comment_status":"open","ping_status":"closed","template":"","meta":{"site-sidebar-layout":"default","site-content-layout":"","ast-site-content-layout":"default","site-content-style":"default","site-sidebar-style":"default","ast-global-header-display":"","ast-banner-title-visibility":"","ast-main-header-display":"","ast-hfb-above-header-display":"","ast-hfb-below-header-display":"","ast-hfb-mobile-header-display":"","site-post-title":"","ast-breadcrumbs-content":"","ast-featured-img":"","footer-sml-layout":"","theme-transparent-header-meta":"default","adv-header-id-meta":"","stick-header-meta":"","header-above-stick-meta":"","header-main-stick-meta":"","header-below-stick-meta":"","astra-migrate-meta-layouts":"set","ast-page-background-enabled":"default","ast-page-background-meta":{"desktop":{"background-color":"","background-image":"","background-repeat":"repeat","background-position":"center center","background-size":"auto","background-attachment":"scroll","background-type":"","background-media":"","overlay-type":"","overlay-color":"","overlay-opacity":"","overlay-gradient":""},"tablet":{"background-color":"","background-image":"","background-repeat":"repeat","background-position":"center center","background-size":"auto","background-attachment":"scroll","background-type":"","background-media":"","overlay-type":"","overlay-color":"","overlay-opacity":"","overlay-gradient":""},"mobile":{"background-color":"","background-image":"","background-repeat":"repeat","background-position":"center center","background-size":"auto","background-attachment":"scroll","background-type":"","background-media":"","overlay-type":"","overlay-color":"","overlay-opacity":"","overlay-gradient":""}},"ast-content-background-meta":{"desktop":{"background-color":"var(--ast-global-color-5)","background-image":"","background-repeat":"repeat","background-position":"center center","background-size":"auto","background-attachment":"scroll","background-type":"","background-media":"","overlay-type":"","overlay-color":"","overlay-opacity":"","overlay-gradient":""},"tablet":{"background-color":"var(--ast-global-color-5)","background-image":"","background-repeat":"repeat","background-position":"center center","background-size":"auto","background-attachment":"scroll","background-type":"","background-media":"","overlay-type":"","overlay-color":"","overlay-opacity":"","overlay-gradient":""},"mobile":{"background-color":"var(--ast-global-color-5)","background-image":"","background-repeat":"repeat","background-position":"center center","background-size":"auto","background-attachment":"scroll","background-type":"","background-media":"","overlay-type":"","overlay-color":"","overlay-opacity":"","overlay-gradient":""}}},"product_cat":[155],"product_tag":[49,182,181,61],"class_list":{"0":"post-2654","1":"product","2":"type-product","3":"status-publish","4":"has-post-thumbnail","6":"product_cat-marque-pages","7":"product_tag-illustration-oiseau","8":"product_tag-marque-pages","9":"product_tag-mesange","10":"product_tag-oiseau-de-jardin","11":"desktop-align-left","12":"tablet-align-left","13":"mobile-align-left","15":"first","16":"instock","17":"taxable","18":"shipping-taxable","19":"purchasable","20":"product-type-simple"},"yoast_head":"<!-- This site is optimized with the Yoast SEO plugin v23.9 - https:\/\/yoast.com\/wordpress\/plugins\/seo\/ -->\n<title>Marque-pages illustr\u00e9 m\u00e9sange bleue - Les Regards de Cyn<\/title>\n<meta name=\"description\" content=\"Ce marque-pages illustr\u00e9 m\u00e9sange bleue est le compagnon parfait des tes instants lecture avec son petit format et son impression sur papier recycl\u00e9.\" \/>\n<meta name=\"robots\" content=\"index, follow, max-snippet:-1, max-image-preview:large, max-video-preview:-1\" \/>\n<link rel=\"canonical\" href=\"https:\/\/www.regardsdecyn.com\/en\/product\/marque-pages-illustre-mesange-bleue\/\" \/>\n<meta property=\"og:locale\" content=\"en_GB\" \/>\n<meta property=\"og:type\" content=\"article\" \/>\n<meta property=\"og:title\" content=\"Marque-pages illustr\u00e9 m\u00e9sange bleue - Les Regards de Cyn\" \/>\n<meta property=\"og:description\" content=\"Ce marque-pages illustr\u00e9 m\u00e9sange bleue est le compagnon parfait des tes instants lecture avec son petit format et son impression sur papier recycl\u00e9.\" \/>\n<meta property=\"og:url\" content=\"https:\/\/www.regardsdecyn.com\/en\/product\/marque-pages-illustre-mesange-bleue\/\" \/>\n<meta property=\"og:site_name\" content=\"Les Regards de Cyn\" \/>\n<meta property=\"article:modified_time\" content=\"2026-03-20T10:08:02+00:00\" \/>\n<meta property=\"og:image\" content=\"https:\/\/www.regardsdecyn.com\/wp-content\/uploads\/2025\/04\/1743753914048-scaled-e1743760708504.jpg\" \/>\n\t<meta property=\"og:image:width\" content=\"1438\" \/>\n\t<meta property=\"og:image:height\" content=\"2197\" \/>\n\t<meta property=\"og:image:type\" content=\"image\/jpeg\" \/>\n<meta name=\"twitter:card\" content=\"summary_large_image\" \/>\n<meta name=\"twitter:label1\" content=\"Estimated reading time\" \/>\n\t<meta name=\"twitter:data1\" content=\"2 minutes\" \/>\n<script type=\"application\/ld+json\" class=\"yoast-schema-graph\">{\"@context\":\"https:\/\/schema.org\",\"@graph\":[{\"@type\":\"WebPage\",\"@id\":\"https:\/\/www.regardsdecyn.com\/produit\/marque-pages-illustre-mesange-bleue\/\",\"url\":\"https:\/\/www.regardsdecyn.com\/produit\/marque-pages-illustre-mesange-bleue\/\",\"name\":\"Marque-pages illustr\u00e9 m\u00e9sange bleue - Les Regards de Cyn\",\"isPartOf\":{\"@id\":\"https:\/\/www.regardsdecyn.com\/#website\"},\"primaryImageOfPage\":{\"@id\":\"https:\/\/www.regardsdecyn.com\/produit\/marque-pages-illustre-mesange-bleue\/#primaryimage\"},\"image\":{\"@id\":\"https:\/\/www.regardsdecyn.com\/produit\/marque-pages-illustre-mesange-bleue\/#primaryimage\"},\"thumbnailUrl\":\"https:\/\/www.regardsdecyn.com\/wp-content\/uploads\/2025\/04\/1743753914048-scaled-e1743760708504.jpg\",\"datePublished\":\"2025-04-04T10:00:16+00:00\",\"dateModified\":\"2026-03-20T10:08:02+00:00\",\"description\":\"Ce marque-pages illustr\u00e9 m\u00e9sange bleue est le compagnon parfait des tes instants lecture avec son petit format et son impression sur papier recycl\u00e9.\",\"breadcrumb\":{\"@id\":\"https:\/\/www.regardsdecyn.com\/produit\/marque-pages-illustre-mesange-bleue\/#breadcrumb\"},\"inLanguage\":\"en-GB\",\"potentialAction\":[{\"@type\":\"ReadAction\",\"target\":[\"https:\/\/www.regardsdecyn.com\/produit\/marque-pages-illustre-mesange-bleue\/\"]}]},{\"@type\":\"ImageObject\",\"inLanguage\":\"en-GB\",\"@id\":\"https:\/\/www.regardsdecyn.com\/produit\/marque-pages-illustre-mesange-bleue\/#primaryimage\",\"url\":\"https:\/\/www.regardsdecyn.com\/wp-content\/uploads\/2025\/04\/1743753914048-scaled-e1743760708504.jpg\",\"contentUrl\":\"https:\/\/www.regardsdecyn.com\/wp-content\/uploads\/2025\/04\/1743753914048-scaled-e1743760708504.jpg\",\"width\":1438,\"height\":2197},{\"@type\":\"BreadcrumbList\",\"@id\":\"https:\/\/www.regardsdecyn.com\/produit\/marque-pages-illustre-mesange-bleue\/#breadcrumb\",\"itemListElement\":[{\"@type\":\"ListItem\",\"position\":1,\"name\":\"Accueil\",\"item\":\"https:\/\/www.regardsdecyn.com\/\"},{\"@type\":\"ListItem\",\"position\":2,\"name\":\"Boutique\",\"item\":\"https:\/\/www.regardsdecyn.com\/boutique-papeterie-eco-responsable\/\"},{\"@type\":\"ListItem\",\"position\":3,\"name\":\"Marque-pages illustr\u00e9 m\u00e9sange bleue\"}]},{\"@type\":\"WebSite\",\"@id\":\"https:\/\/www.regardsdecyn.com\/#website\",\"url\":\"https:\/\/www.regardsdecyn.com\/\",\"name\":\"Les Regards de Cyn\",\"description\":\"Illustrations nature et Papeterie cr\u00e9ative\",\"potentialAction\":[{\"@type\":\"SearchAction\",\"target\":{\"@type\":\"EntryPoint\",\"urlTemplate\":\"https:\/\/www.regardsdecyn.com\/?s={search_term_string}\"},\"query-input\":{\"@type\":\"PropertyValueSpecification\",\"valueRequired\":true,\"valueName\":\"search_term_string\"}}],\"inLanguage\":\"en-GB\"}]}<\/script>\n<!-- \/ Yoast SEO plugin. -->","yoast_head_json":{"title":"Marque-pages illustr\u00e9 m\u00e9sange bleue - Les Regards de Cyn","description":"Ce marque-pages illustr\u00e9 m\u00e9sange bleue est le compagnon parfait des tes instants lecture avec son petit format et son impression sur papier recycl\u00e9.","robots":{"index":"index","follow":"follow","max-snippet":"max-snippet:-1","max-image-preview":"max-image-preview:large","max-video-preview":"max-video-preview:-1"},"canonical":"https:\/\/www.regardsdecyn.com\/en\/product\/marque-pages-illustre-mesange-bleue\/","og_locale":"en_GB","og_type":"article","og_title":"Marque-pages illustr\u00e9 m\u00e9sange bleue - Les Regards de Cyn","og_description":"Ce marque-pages illustr\u00e9 m\u00e9sange bleue est le compagnon parfait des tes instants lecture avec son petit format et son impression sur papier recycl\u00e9.","og_url":"https:\/\/www.regardsdecyn.com\/en\/product\/marque-pages-illustre-mesange-bleue\/","og_site_name":"Les Regards de Cyn","article_modified_time":"2026-03-20T10:08:02+00:00","og_image":[{"width":1438,"height":2197,"url":"https:\/\/www.regardsdecyn.com\/wp-content\/uploads\/2025\/04\/1743753914048-scaled-e1743760708504.jpg","type":"image\/jpeg"}],"twitter_card":"summary_large_image","twitter_misc":{"Estimated reading time":"2 minutes"},"schema":{"@context":"https:\/\/schema.org","@graph":[{"@type":"WebPage","@id":"https:\/\/www.regardsdecyn.com\/produit\/marque-pages-illustre-mesange-bleue\/","url":"https:\/\/www.regardsdecyn.com\/produit\/marque-pages-illustre-mesange-bleue\/","name":"Marque-pages illustr\u00e9 m\u00e9sange bleue - Les Regards de Cyn","isPartOf":{"@id":"https:\/\/www.regardsdecyn.com\/#website"},"primaryImageOfPage":{"@id":"https:\/\/www.regardsdecyn.com\/produit\/marque-pages-illustre-mesange-bleue\/#primaryimage"},"image":{"@id":"https:\/\/www.regardsdecyn.com\/produit\/marque-pages-illustre-mesange-bleue\/#primaryimage"},"thumbnailUrl":"https:\/\/www.regardsdecyn.com\/wp-content\/uploads\/2025\/04\/1743753914048-scaled-e1743760708504.jpg","datePublished":"2025-04-04T10:00:16+00:00","dateModified":"2026-03-20T10:08:02+00:00","description":"Ce marque-pages illustr\u00e9 m\u00e9sange bleue est le compagnon parfait des tes instants lecture avec son petit format et son impression sur papier recycl\u00e9.","breadcrumb":{"@id":"https:\/\/www.regardsdecyn.com\/produit\/marque-pages-illustre-mesange-bleue\/#breadcrumb"},"inLanguage":"en-GB","potentialAction":[{"@type":"ReadAction","target":["https:\/\/www.regardsdecyn.com\/produit\/marque-pages-illustre-mesange-bleue\/"]}]},{"@type":"ImageObject","inLanguage":"en-GB","@id":"https:\/\/www.regardsdecyn.com\/produit\/marque-pages-illustre-mesange-bleue\/#primaryimage","url":"https:\/\/www.regardsdecyn.com\/wp-content\/uploads\/2025\/04\/1743753914048-scaled-e1743760708504.jpg","contentUrl":"https:\/\/www.regardsdecyn.com\/wp-content\/uploads\/2025\/04\/1743753914048-scaled-e1743760708504.jpg","width":1438,"height":2197},{"@type":"BreadcrumbList","@id":"https:\/\/www.regardsdecyn.com\/produit\/marque-pages-illustre-mesange-bleue\/#breadcrumb","itemListElement":[{"@type":"ListItem","position":1,"name":"Accueil","item":"https:\/\/www.regardsdecyn.com\/"},{"@type":"ListItem","position":2,"name":"Boutique","item":"https:\/\/www.regardsdecyn.com\/boutique-papeterie-eco-responsable\/"},{"@type":"ListItem","position":3,"name":"Marque-pages illustr\u00e9 m\u00e9sange bleue"}]},{"@type":"WebSite","@id":"https:\/\/www.regardsdecyn.com\/#website","url":"https:\/\/www.regardsdecyn.com\/","name":"Les Regards de Cyn","description":"Illustrations nature et Papeterie cr\u00e9ative","potentialAction":[{"@type":"SearchAction","target":{"@type":"EntryPoint","urlTemplate":"https:\/\/www.regardsdecyn.com\/?s={search_term_string}"},"query-input":{"@type":"PropertyValueSpecification","valueRequired":true,"valueName":"search_term_string"}}],"inLanguage":"en-GB"}]}},"jetpack_sharing_enabled":true,"_links":{"self":[{"href":"https:\/\/www.regardsdecyn.com\/en\/wp-json\/wp\/v2\/product\/2654","targetHints":{"allow":["GET"]}}],"collection":[{"href":"https:\/\/www.regardsdecyn.com\/en\/wp-json\/wp\/v2\/product"}],"about":[{"href":"https:\/\/www.regardsdecyn.com\/en\/wp-json\/wp\/v2\/types\/product"}],"replies":[{"embeddable":true,"href":"https:\/\/www.regardsdecyn.com\/en\/wp-json\/wp\/v2\/comments?post=2654"}],"version-history":[{"count":2,"href":"https:\/\/www.regardsdecyn.com\/en\/wp-json\/wp\/v2\/product\/2654\/revisions"}],"predecessor-version":[{"id":2921,"href":"https:\/\/www.regardsdecyn.com\/en\/wp-json\/wp\/v2\/product\/2654\/revisions\/2921"}],"wp:featuredmedia":[{"embeddable":true,"href":"https:\/\/www.regardsdecyn.com\/en\/wp-json\/wp\/v2\/media\/2636"}],"wp:attachment":[{"href":"https:\/\/www.regardsdecyn.com\/en\/wp-json\/wp\/v2\/media?parent=2654"}],"wp:term":[{"taxonomy":"product_cat","embeddable":true,"href":"https:\/\/www.regardsdecyn.com\/en\/wp-json\/wp\/v2\/product_cat?post=2654"},{"taxonomy":"product_tag","embeddable":true,"href":"https:\/\/www.regardsdecyn.com\/en\/wp-json\/wp\/v2\/product_tag?post=2654"}],"curies":[{"name":"wp","href":"https:\/\/api.w.org\/{rel}","templated":true}]}}