{"id":2507,"date":"2024-05-08T16:27:40","date_gmt":"2024-05-08T14:27:40","guid":{"rendered":"https:\/\/www.regardsdecyn.com\/?post_type=product&#038;p=2507"},"modified":"2026-03-20T11:14:24","modified_gmt":"2026-03-20T10:14:24","slug":"stickers-timbres-lot-de-6","status":"publish","type":"product","link":"https:\/\/www.regardsdecyn.com\/en\/product\/stickers-timbres-lot-de-6\/","title":{"rendered":"Stickers timbres, lot de 6"},"content":{"rendered":"<h5>Stickers timbres, lot de 6<\/h5>\n<h5><\/h5>\n<p>d\u2019une taille de 3 cm environ<\/p>\n<p>&nbsp;<\/p>\n<p>Que l\u2019on ait gard\u00e9 son <strong>\u00e2me d\u2019enfant<\/strong>, que l\u2019on soit fan de\u00a0<strong>scrapbooking<\/strong> ou collectionneur.euse, les stickers sont toujours une bonne option ! Et les stickers timbres ont un charme fou !<\/p>\n<p>Pourquoi\u00a0? Parce qu\u2019ils se collent\u00a0<strong>partout<\/strong>\u00a0: carnets, coques de t\u00e9l\u00e9phone, ordinateur, lettre, carte postale, carnet de voyage\u2026 la seule limite est votre\u00a0<strong>imagination<\/strong>\u00a0!<\/p>\n<p>C\u2019est pour cela que j\u2019adore les stickers et que j\u2019ai d\u00e9cid\u00e9 de cr\u00e9er les miens.<\/p>\n<p>&nbsp;<\/p>\n<h6>Qu&#8217;y a-t-il dans ce lot de 6 stickers timbres ?<\/h6>\n<ul>\n<li><strong>Un sticker timbre amanites<\/strong> : quoi de plus beau et de plus flamboyant que les amanites tue-mouche ?\u00a0 En faux timbre, elle rappelle les vieux timbres que l&#8217;on trouve sur les bourses au collections<\/li>\n<li><strong>Un sticker amanites<\/strong> : car tous les stickers timbres ont leur double en stickers normaux !<\/li>\n<li><strong>Un sticker\u00a0 timbre Martin-p\u00eacheur<\/strong> : la fl\u00e8che bleu de nos rivi\u00e8res, mis \u00e0 l&#8217;honneur avec une fausse oblit\u00e9ration<\/li>\n<li><strong>Un sticker Martin-p\u00eacheur<\/strong> : parce qu&#8217;on a jamais assez de ce magnifique oiseau !<\/li>\n<li>U<strong>n sticker timbre scarab\u00e9e &#8220;Cetonia Galactea&#8221;<\/strong>: parce que les petites b\u00eates sont un classique sur les timbres !<\/li>\n<li><strong>Un sticker scarab\u00e9e &#8220;Cetonia Galactea&#8221;<\/strong> : qui n&#8217;est pas un scarab\u00e9e r\u00e9el, mais celui qui contient en lui toute la nature et la voie lact\u00e9e<\/li>\n<\/ul>\n<p>&nbsp;<\/p>\n<h6><b>Tes stickers prennent leur envol et atterrissent dans ta bo\u00eete aux lettres<\/b><\/h6>\n<p>J\u2019emballe chaque commande<b>\u00a0avec soin<\/b>\u00a0dans un \u00e9crin confortable de papier bulle afin qu\u2019elle arrive en s\u00e9curit\u00e9 \u00e0 destination.<\/p>\n<p>Tu trouveras dans ta commande un petit mot \u00e9crit rien que pour toi, pour te remercier de soutenir ma petite papeterie.\u00a0Tu es\u00a0<b>unique<\/b>, ta commande l\u2019est \u00e9galement et j\u2019y consacre le temps n\u00e9cessaire.<\/p>\n<p>Le lot est destin\u00e9 \u00e0 \u00eatre\u00a0<b>offert<\/b>\u00a0? Je peux l\u2019envoyer pour toi \u00e0 la personne de ton choix et\u00a0<b>retranscrire tes mots<\/b>\u00a0de ma belle \u00e9criture pour une\u00a0<b>surprise<\/b>\u00a0d\u2019autant plus appr\u00e9ci\u00e9e !\u00a0 Signale-le moi dans l\u2019espace commentaire lors de ta commande.<\/p>\n<p>&nbsp;<\/p>\n<p>Et si tu es fan de stickers, je te recommande d&#8217;aller faire <a href=\"https:\/\/www.regardsdecyn.com\/en\/product-category\/stickers-autocollants\/\">un petit tour par ici<\/a>. Tu y trouvera tous les lots de stickers que je te propose, avec plein d&#8217;animaux charmants qui feront fondre ton petit c\u0153ur!<\/p>\n<p>&nbsp;<\/p>\n<p>Et si tu veux suivre mes aventures crayonn\u00e9es et te joindre \u00e0 moi pur c\u00e9l\u00e9brer la nature, <a href=\"https:\/\/www.instagram.com\/regards_de_cyn_illustration\/\">c&#8217;est par ici \ud83d\ude42\u00a0<\/a><\/p>\n<p>&nbsp;<\/p>\n<p><strong>Ici, chaque objet achet\u00e9 participe \u00e0 la sauvegarde de la biodiversit\u00e9 : 1 euro du prix que tu paies est consacr\u00e9 \u00e0 un don que je ferai en fin d&#8217;ann\u00e9e \u00e0 une association \u0153uvrant pour le bien du vivant.\u00a0<\/strong><\/p>","protected":false},"excerpt":{"rendered":"<h5>Stickers timbres, lot de 6<\/h5>\n<h5><\/h5>\n<p>d\u2019une taille de 3 cm environ<\/p>\n<p>&nbsp;<\/p>\n<p>Que l\u2019on est gard\u00e9 son\u00a0<strong>\u00e2me d\u2019enfant<\/strong>, que l\u2019on soit fan de\u00a0<strong>scrapbooking<\/strong>\u00a0ou collectionneur, les stickers sont toujours une bonne option\u00a0!<\/p>\n<p>Pourquoi\u00a0? Parce qu\u2019ils se collent\u00a0<strong>partout<\/strong>\u00a0: carnets, coques de t\u00e9l\u00e9phone, ordinateur, lettre, carte postale, carnet de voyage\u2026 la seule limite est votre\u00a0<strong>imagination<\/strong>\u00a0!<\/p>\n<p>C\u2019est pour cela que j\u2019adore les stickers et que j\u2019ai d\u00e9cid\u00e9 de cr\u00e9er les miens.<\/p>\n<p>&nbsp;<\/p>\n<h6>Qu&#8217;y a-t-il dans ce lot de 6 stickers timbres ?<\/h6>\n<ul>\n<li><strong>Un sticker timbre amanites<\/strong> : quoi de plus beau et de plus flamboyant que les amanites tue-mouche ?\u00a0 En faux timbre, elle rappelle les vieux timbres que l&#8217;on trouve sur les bourses au collections<\/li>\n<li><strong>Un sticker amanites<\/strong> : car tous les stickers timbres ont leur double en stickers normaux !<\/li>\n<li><strong>Un sticker\u00a0 timbre Martin-p\u00eacheur<\/strong> : la fl\u00e8che bleu de nos rivi\u00e8res, mis \u00e0 l&#8217;honneur avec une fausse oblit\u00e9ration<\/li>\n<li><strong>Un sticker Martin-p\u00eacheur<\/strong> : parce qu&#8217;on a jamais assez de ce magnifique oiseau !<\/li>\n<li>U<strong>n sticker timbre scarab\u00e9e &#8220;Cetonia Galactea&#8221;<\/strong>: parce que les petites b\u00eates sont un classique sur les timbres !<\/li>\n<li><strong>Un sticker scarab\u00e9e &#8220;Cetonia Galactea&#8221;<\/strong> : qui n&#8217;est pas un scarab\u00e9e r\u00e9el, mais celui qui contient en lui toute la nature et la voie lact\u00e9e<\/li>\n<\/ul>\n<p>&nbsp;<\/p>\n<p><strong>Ici, chaque objet achet\u00e9 participe \u00e0 la sauvegarde de la biodiversit\u00e9 : 1 euro du prix que tu paies est consacr\u00e9 \u00e0 un don que je ferai en fin d&#8217;ann\u00e9e \u00e0 une association \u0153uvrant pour le bien du vivant.\u00a0<\/strong><\/p>","protected":false},"featured_media":2510,"comment_status":"open","ping_status":"closed","template":"","meta":{"site-sidebar-layout":"default","site-content-layout":"default","ast-site-content-layout":"default","site-content-style":"default","site-sidebar-style":"default","ast-global-header-display":"","ast-banner-title-visibility":"","ast-main-header-display":"","ast-hfb-above-header-display":"","ast-hfb-below-header-display":"","ast-hfb-mobile-header-display":"","site-post-title":"","ast-breadcrumbs-content":"","ast-featured-img":"","footer-sml-layout":"","theme-transparent-header-meta":"default","adv-header-id-meta":"","stick-header-meta":"","header-above-stick-meta":"","header-main-stick-meta":"","header-below-stick-meta":"","astra-migrate-meta-layouts":"set","ast-page-background-enabled":"default","ast-page-background-meta":{"desktop":{"background-color":"","background-image":"","background-repeat":"repeat","background-position":"center center","background-size":"auto","background-attachment":"scroll","background-type":"","background-media":"","overlay-type":"","overlay-color":"","overlay-opacity":"","overlay-gradient":""},"tablet":{"background-color":"","background-image":"","background-repeat":"repeat","background-position":"center center","background-size":"auto","background-attachment":"scroll","background-type":"","background-media":"","overlay-type":"","overlay-color":"","overlay-opacity":"","overlay-gradient":""},"mobile":{"background-color":"","background-image":"","background-repeat":"repeat","background-position":"center center","background-size":"auto","background-attachment":"scroll","background-type":"","background-media":"","overlay-type":"","overlay-color":"","overlay-opacity":"","overlay-gradient":""}},"ast-content-background-meta":{"desktop":{"background-color":"var(--ast-global-color-5)","background-image":"","background-repeat":"repeat","background-position":"center center","background-size":"auto","background-attachment":"scroll","background-type":"","background-media":"","overlay-type":"","overlay-color":"","overlay-opacity":"","overlay-gradient":""},"tablet":{"background-color":"var(--ast-global-color-5)","background-image":"","background-repeat":"repeat","background-position":"center center","background-size":"auto","background-attachment":"scroll","background-type":"","background-media":"","overlay-type":"","overlay-color":"","overlay-opacity":"","overlay-gradient":""},"mobile":{"background-color":"var(--ast-global-color-5)","background-image":"","background-repeat":"repeat","background-position":"center center","background-size":"auto","background-attachment":"scroll","background-type":"","background-media":"","overlay-type":"","overlay-color":"","overlay-opacity":"","overlay-gradient":""}}},"product_cat":[28],"product_tag":[146,86,84,169,96],"class_list":{"0":"post-2507","1":"product","2":"type-product","3":"status-publish","4":"has-post-thumbnail","6":"product_cat-stickers-autocollants","7":"product_tag-animaux","8":"product_tag-faune-et-flore","9":"product_tag-foret","10":"product_tag-scapbooking","11":"product_tag-stickers","12":"desktop-align-left","13":"tablet-align-left","14":"mobile-align-left","16":"first","17":"instock","18":"sale","19":"taxable","20":"shipping-taxable","21":"purchasable","22":"product-type-simple"},"yoast_head":"<!-- This site is optimized with the Yoast SEO plugin v23.9 - https:\/\/yoast.com\/wordpress\/plugins\/seo\/ -->\n<title>Stickers timbres, lot de 6 - Les Regards de Cyn<\/title>\n<meta name=\"description\" content=\"Stickers timbres, lot de 6 : timbre amanites tue-mouche, amanites, timbre martin-p\u00eacheur, martin-p\u00eacheur, timbre scarab\u00e9e, scarab\u00e9e. A coller partout !\" \/>\n<meta name=\"robots\" content=\"index, follow, max-snippet:-1, max-image-preview:large, max-video-preview:-1\" \/>\n<link rel=\"canonical\" href=\"https:\/\/www.regardsdecyn.com\/en\/product\/stickers-timbres-lot-de-6\/\" \/>\n<meta property=\"og:locale\" content=\"en_GB\" \/>\n<meta property=\"og:type\" content=\"article\" \/>\n<meta property=\"og:title\" content=\"Stickers timbres, lot de 6 - Les Regards de Cyn\" \/>\n<meta property=\"og:description\" content=\"Stickers timbres, lot de 6 : timbre amanites tue-mouche, amanites, timbre martin-p\u00eacheur, martin-p\u00eacheur, timbre scarab\u00e9e, scarab\u00e9e. A coller partout !\" \/>\n<meta property=\"og:url\" content=\"https:\/\/www.regardsdecyn.com\/en\/product\/stickers-timbres-lot-de-6\/\" \/>\n<meta property=\"og:site_name\" content=\"Les Regards de Cyn\" \/>\n<meta property=\"article:modified_time\" content=\"2026-03-20T10:14:24+00:00\" \/>\n<meta property=\"og:image\" content=\"https:\/\/www.regardsdecyn.com\/wp-content\/uploads\/2024\/05\/IMG_20240503_153805-1024x1024.jpg\" \/>\n\t<meta property=\"og:image:width\" content=\"1024\" \/>\n\t<meta property=\"og:image:height\" content=\"1024\" \/>\n\t<meta property=\"og:image:type\" content=\"image\/jpeg\" \/>\n<meta name=\"twitter:card\" content=\"summary_large_image\" \/>\n<meta name=\"twitter:label1\" content=\"Estimated reading time\" \/>\n\t<meta name=\"twitter:data1\" content=\"3 minutes\" \/>\n<script type=\"application\/ld+json\" class=\"yoast-schema-graph\">{\"@context\":\"https:\/\/schema.org\",\"@graph\":[{\"@type\":\"WebPage\",\"@id\":\"https:\/\/www.regardsdecyn.com\/produit\/stickers-timbres-lot-de-6\/\",\"url\":\"https:\/\/www.regardsdecyn.com\/produit\/stickers-timbres-lot-de-6\/\",\"name\":\"Stickers timbres, lot de 6 - Les Regards de Cyn\",\"isPartOf\":{\"@id\":\"https:\/\/www.regardsdecyn.com\/#website\"},\"primaryImageOfPage\":{\"@id\":\"https:\/\/www.regardsdecyn.com\/produit\/stickers-timbres-lot-de-6\/#primaryimage\"},\"image\":{\"@id\":\"https:\/\/www.regardsdecyn.com\/produit\/stickers-timbres-lot-de-6\/#primaryimage\"},\"thumbnailUrl\":\"https:\/\/www.regardsdecyn.com\/wp-content\/uploads\/2024\/05\/IMG_20240503_153805.jpg\",\"datePublished\":\"2024-05-08T14:27:40+00:00\",\"dateModified\":\"2026-03-20T10:14:24+00:00\",\"description\":\"Stickers timbres, lot de 6 : timbre amanites tue-mouche, amanites, timbre martin-p\u00eacheur, martin-p\u00eacheur, timbre scarab\u00e9e, scarab\u00e9e. A coller partout !\",\"breadcrumb\":{\"@id\":\"https:\/\/www.regardsdecyn.com\/produit\/stickers-timbres-lot-de-6\/#breadcrumb\"},\"inLanguage\":\"en-GB\",\"potentialAction\":[{\"@type\":\"ReadAction\",\"target\":[\"https:\/\/www.regardsdecyn.com\/produit\/stickers-timbres-lot-de-6\/\"]}]},{\"@type\":\"ImageObject\",\"inLanguage\":\"en-GB\",\"@id\":\"https:\/\/www.regardsdecyn.com\/produit\/stickers-timbres-lot-de-6\/#primaryimage\",\"url\":\"https:\/\/www.regardsdecyn.com\/wp-content\/uploads\/2024\/05\/IMG_20240503_153805.jpg\",\"contentUrl\":\"https:\/\/www.regardsdecyn.com\/wp-content\/uploads\/2024\/05\/IMG_20240503_153805.jpg\",\"width\":2297,\"height\":2297,\"caption\":\"Stickers timbres\"},{\"@type\":\"BreadcrumbList\",\"@id\":\"https:\/\/www.regardsdecyn.com\/produit\/stickers-timbres-lot-de-6\/#breadcrumb\",\"itemListElement\":[{\"@type\":\"ListItem\",\"position\":1,\"name\":\"Accueil\",\"item\":\"https:\/\/www.regardsdecyn.com\/\"},{\"@type\":\"ListItem\",\"position\":2,\"name\":\"Boutique\",\"item\":\"https:\/\/www.regardsdecyn.com\/boutique-papeterie-eco-responsable\/\"},{\"@type\":\"ListItem\",\"position\":3,\"name\":\"Stickers timbres, lot de 6\"}]},{\"@type\":\"WebSite\",\"@id\":\"https:\/\/www.regardsdecyn.com\/#website\",\"url\":\"https:\/\/www.regardsdecyn.com\/\",\"name\":\"Les Regards de Cyn\",\"description\":\"Illustrations nature et Papeterie cr\u00e9ative\",\"potentialAction\":[{\"@type\":\"SearchAction\",\"target\":{\"@type\":\"EntryPoint\",\"urlTemplate\":\"https:\/\/www.regardsdecyn.com\/?s={search_term_string}\"},\"query-input\":{\"@type\":\"PropertyValueSpecification\",\"valueRequired\":true,\"valueName\":\"search_term_string\"}}],\"inLanguage\":\"en-GB\"}]}<\/script>\n<!-- \/ Yoast SEO plugin. -->","yoast_head_json":{"title":"Stickers timbres, lot de 6 - Les Regards de Cyn","description":"Stickers timbres, lot de 6 : timbre amanites tue-mouche, amanites, timbre martin-p\u00eacheur, martin-p\u00eacheur, timbre scarab\u00e9e, scarab\u00e9e. A coller partout !","robots":{"index":"index","follow":"follow","max-snippet":"max-snippet:-1","max-image-preview":"max-image-preview:large","max-video-preview":"max-video-preview:-1"},"canonical":"https:\/\/www.regardsdecyn.com\/en\/product\/stickers-timbres-lot-de-6\/","og_locale":"en_GB","og_type":"article","og_title":"Stickers timbres, lot de 6 - Les Regards de Cyn","og_description":"Stickers timbres, lot de 6 : timbre amanites tue-mouche, amanites, timbre martin-p\u00eacheur, martin-p\u00eacheur, timbre scarab\u00e9e, scarab\u00e9e. A coller partout !","og_url":"https:\/\/www.regardsdecyn.com\/en\/product\/stickers-timbres-lot-de-6\/","og_site_name":"Les Regards de Cyn","article_modified_time":"2026-03-20T10:14:24+00:00","og_image":[{"width":1024,"height":1024,"url":"https:\/\/www.regardsdecyn.com\/wp-content\/uploads\/2024\/05\/IMG_20240503_153805-1024x1024.jpg","type":"image\/jpeg"}],"twitter_card":"summary_large_image","twitter_misc":{"Estimated reading time":"3 minutes"},"schema":{"@context":"https:\/\/schema.org","@graph":[{"@type":"WebPage","@id":"https:\/\/www.regardsdecyn.com\/produit\/stickers-timbres-lot-de-6\/","url":"https:\/\/www.regardsdecyn.com\/produit\/stickers-timbres-lot-de-6\/","name":"Stickers timbres, lot de 6 - Les Regards de Cyn","isPartOf":{"@id":"https:\/\/www.regardsdecyn.com\/#website"},"primaryImageOfPage":{"@id":"https:\/\/www.regardsdecyn.com\/produit\/stickers-timbres-lot-de-6\/#primaryimage"},"image":{"@id":"https:\/\/www.regardsdecyn.com\/produit\/stickers-timbres-lot-de-6\/#primaryimage"},"thumbnailUrl":"https:\/\/www.regardsdecyn.com\/wp-content\/uploads\/2024\/05\/IMG_20240503_153805.jpg","datePublished":"2024-05-08T14:27:40+00:00","dateModified":"2026-03-20T10:14:24+00:00","description":"Stickers timbres, lot de 6 : timbre amanites tue-mouche, amanites, timbre martin-p\u00eacheur, martin-p\u00eacheur, timbre scarab\u00e9e, scarab\u00e9e. A coller partout !","breadcrumb":{"@id":"https:\/\/www.regardsdecyn.com\/produit\/stickers-timbres-lot-de-6\/#breadcrumb"},"inLanguage":"en-GB","potentialAction":[{"@type":"ReadAction","target":["https:\/\/www.regardsdecyn.com\/produit\/stickers-timbres-lot-de-6\/"]}]},{"@type":"ImageObject","inLanguage":"en-GB","@id":"https:\/\/www.regardsdecyn.com\/produit\/stickers-timbres-lot-de-6\/#primaryimage","url":"https:\/\/www.regardsdecyn.com\/wp-content\/uploads\/2024\/05\/IMG_20240503_153805.jpg","contentUrl":"https:\/\/www.regardsdecyn.com\/wp-content\/uploads\/2024\/05\/IMG_20240503_153805.jpg","width":2297,"height":2297,"caption":"Stickers timbres"},{"@type":"BreadcrumbList","@id":"https:\/\/www.regardsdecyn.com\/produit\/stickers-timbres-lot-de-6\/#breadcrumb","itemListElement":[{"@type":"ListItem","position":1,"name":"Accueil","item":"https:\/\/www.regardsdecyn.com\/"},{"@type":"ListItem","position":2,"name":"Boutique","item":"https:\/\/www.regardsdecyn.com\/boutique-papeterie-eco-responsable\/"},{"@type":"ListItem","position":3,"name":"Stickers timbres, lot de 6"}]},{"@type":"WebSite","@id":"https:\/\/www.regardsdecyn.com\/#website","url":"https:\/\/www.regardsdecyn.com\/","name":"Les Regards de Cyn","description":"Illustrations nature et Papeterie cr\u00e9ative","potentialAction":[{"@type":"SearchAction","target":{"@type":"EntryPoint","urlTemplate":"https:\/\/www.regardsdecyn.com\/?s={search_term_string}"},"query-input":{"@type":"PropertyValueSpecification","valueRequired":true,"valueName":"search_term_string"}}],"inLanguage":"en-GB"}]}},"jetpack_sharing_enabled":true,"_links":{"self":[{"href":"https:\/\/www.regardsdecyn.com\/en\/wp-json\/wp\/v2\/product\/2507","targetHints":{"allow":["GET"]}}],"collection":[{"href":"https:\/\/www.regardsdecyn.com\/en\/wp-json\/wp\/v2\/product"}],"about":[{"href":"https:\/\/www.regardsdecyn.com\/en\/wp-json\/wp\/v2\/types\/product"}],"replies":[{"embeddable":true,"href":"https:\/\/www.regardsdecyn.com\/en\/wp-json\/wp\/v2\/comments?post=2507"}],"version-history":[{"count":4,"href":"https:\/\/www.regardsdecyn.com\/en\/wp-json\/wp\/v2\/product\/2507\/revisions"}],"predecessor-version":[{"id":2938,"href":"https:\/\/www.regardsdecyn.com\/en\/wp-json\/wp\/v2\/product\/2507\/revisions\/2938"}],"wp:featuredmedia":[{"embeddable":true,"href":"https:\/\/www.regardsdecyn.com\/en\/wp-json\/wp\/v2\/media\/2510"}],"wp:attachment":[{"href":"https:\/\/www.regardsdecyn.com\/en\/wp-json\/wp\/v2\/media?parent=2507"}],"wp:term":[{"taxonomy":"product_cat","embeddable":true,"href":"https:\/\/www.regardsdecyn.com\/en\/wp-json\/wp\/v2\/product_cat?post=2507"},{"taxonomy":"product_tag","embeddable":true,"href":"https:\/\/www.regardsdecyn.com\/en\/wp-json\/wp\/v2\/product_tag?post=2507"}],"curies":[{"name":"wp","href":"https:\/\/api.w.org\/{rel}","templated":true}]}}