{"id":2328,"date":"2023-10-17T14:29:51","date_gmt":"2023-10-17T12:29:51","guid":{"rendered":"https:\/\/www.regardsdecyn.com\/?post_type=product&#038;p=2328"},"modified":"2026-03-20T11:40:20","modified_gmt":"2026-03-20T10:40:20","slug":"stickers-animaux-foret","status":"publish","type":"product","link":"https:\/\/www.regardsdecyn.com\/en\/product\/stickers-animaux-foret\/","title":{"rendered":"Lot stickers animaux de la for\u00eat"},"content":{"rendered":"<h5>Vas-tu te laisser tenter par ce lot de stickers animaux de la for\u00eat ?<\/h5>\n<p>&nbsp;<\/p>\n<p>Plonge au c\u0153ur de <strong>l&#8217;automne<\/strong> gr\u00e2ce \u00e0 ce doux lot de 5 stickers sur le th\u00e8me de la <strong>for\u00eat.\u00a0<\/strong>Des animaux et des champignons, rien de tel pour repr\u00e9senter ma saison pr\u00e9f\u00e9r\u00e9e !<\/p>\n<p>&nbsp;<\/p>\n<h6><strong>Que tu sois&#8230;<\/strong><\/h6>\n<ul>\n<li>fougueux comme le renard,<\/li>\n<li>flamboyant comme les amanites,<\/li>\n<li>au caract\u00e8re color\u00e9 comme le scarab\u00e9e,<\/li>\n<li>discret comme la chouette effraie,<\/li>\n<li>timide comme le faon<\/li>\n<li>ou simplement un amoureux de l&#8217;automne&#8230;<\/li>\n<\/ul>\n<p>aucun doute !<strong> ces stickers sont fait pour toi !<\/strong><\/p>\n<p>&nbsp;<\/p>\n<p>Colles-les o\u00f9 bon te semble afin <strong>d&#8217;\u00e9gayer ta vie et tes journ\u00e9es :\u00a0<\/strong><\/p>\n<ul>\n<li>sur ton agenda<\/li>\n<li>sur la coque de ton t\u00e9l\u00e9phone<\/li>\n<li>sur ton ordinateur<\/li>\n<li>sur la carte que tu envoie \u00e0 ta grand-m\u00e8re<\/li>\n<li>sur tes \u0153uvres de scrapbooking&#8230;<\/li>\n<\/ul>\n<p>Ta seule limite est celle de ton <strong>imagination !<\/strong><\/p>\n<p>&nbsp;<\/p>\n<p>Comme tous mes lots de stickers ils sont emball\u00e9s dans des prot\u00e8ge-cartes de r\u00e9cup\u00e9ration. Ici, on aime <strong>recycler<\/strong> et le papier recycl\u00e9 est souvent \u00e0 l&#8217;honneur. Mais en de rares occasions, je donne aussi une <strong>deuxi\u00e8me vie<\/strong> au plastique. Cet <strong>emballage atypique<\/strong> donne \u00e0 ton lot de stickers un look unique<\/p>\n<p>&nbsp;<\/p>\n<p><b>Les stickers prennent leur envol et atterrissent dans ta bo\u00eete aux lettres<\/b><\/p>\n<p><span style=\"font-weight: 400;\">J&#8217;emballe chaque commande<\/span><b> avec soin<\/b><span style=\"font-weight: 400;\"> dans un \u00e9crin confortable de papier bulle afin qu&#8217;elle arrive en s\u00e9curit\u00e9 \u00e0 destination.\u00a0<\/span><\/p>\n<p>Tu trouveras dans ta commande un petit mot \u00e9crit rien que pour toi, pour te remercier de soutenir ma petite papeterie.<span style=\"font-weight: 400;\">\u00a0Tu es <\/span><b>unique<\/b><span style=\"font-weight: 400;\">, ta commande l\u2019est \u00e9galement et j\u2019y consacre le temps n\u00e9cessaire.<\/span><\/p>\n<p><span style=\"font-weight: 400;\">Le lot est destin\u00e9 \u00e0 \u00eatre <\/span><b>offerte<\/b><span style=\"font-weight: 400;\"> ? Je peux l\u2019envoyer pour toi \u00e0 la personne de ton choix et <\/span><b>retranscrire tes mots<\/b><span style=\"font-weight: 400;\"> de ma belle \u00e9criture pour une <\/span><b>surprise<\/b><span style=\"font-weight: 400;\"> d\u2019autant plus appr\u00e9ci\u00e9e !\u00a0 Signale-le moi dans l\u2019espace commentaire lors de ta commande.<\/span><\/p>\n<p>&nbsp;<\/p>\n<p>Et si tu es un fan de stickers, ne manque pas les <a href=\"https:\/\/www.regardsdecyn.com\/en\/product\/lot-stickers-oiseaux-de-jardin-mignons\/\">petits oiseaux dodus<\/a> ou encore les petites bestioles attachantes que sont les <a href=\"https:\/\/www.regardsdecyn.com\/en\/product\/lot-de-stickers-fluffy-things\/\">Fluffy Things<\/a> !<\/p>\n<p>Et si tu es vraiment, mais vraiment fan des stickers, tu peux retrouver <a href=\"https:\/\/www.regardsdecyn.com\/en\/product\/lot-de-10-stickers-animaux\/\">ici un mix<\/a> de plusieurs petits lots !<\/p>\n<p>&nbsp;<\/p>\n<p><strong>Ici, chaque objet achet\u00e9 participe \u00e0 la sauvegarde de la biodiversit\u00e9 : 1 euro du prix que tu paies est consacr\u00e9 \u00e0 un don que je ferai en fin d&#8217;ann\u00e9e \u00e0 une association \u0153uvrant pour le bien du vivant.\u00a0<\/strong><\/p>\n<p>&nbsp;<\/p>","protected":false},"excerpt":{"rendered":"<h6>Lot de 5 stickers\u00a0 sur le th\u00e8me de la for\u00eat<\/h6>\n<p>&nbsp;<\/p>\n<p>Plonge au c\u0153ur de <strong>l&#8217;automne<\/strong> gr\u00e2ce \u00e0 ce doux lot de 4 stickers sur le th\u00e8me de la <strong>for\u00eat.<\/strong><\/p>\n<p>&nbsp;<\/p>\n<p><strong>Que tu sois&#8230;<\/strong><\/p>\n<ul>\n<li>fougueux comme le renard,<\/li>\n<li>flamboyant comme les amanites,<\/li>\n<li>au caract\u00e8re color\u00e9 comme le scarab\u00e9e,<\/li>\n<li>discret comme la chouette effraie,<\/li>\n<li>timide comme le faon<\/li>\n<li>ou simplement un amoureux de l&#8217;automne&#8230;<\/li>\n<\/ul>\n<p>aucun doute !<strong> ces stickers sont fait pour toi !<\/strong><\/p>\n<p>&nbsp;<\/p>\n<p>Colles-les o\u00f9 bon te semble afin <strong>d&#8217;\u00e9gayer ta vie et tes journ\u00e9es :\u00a0<\/strong><\/p>\n<ul>\n<li>sur ton agenda<\/li>\n<li>sur la coque de ton t\u00e9l\u00e9phone<\/li>\n<li>sur ton ordinateur<\/li>\n<li>sur la carte que tu envoie \u00e0 ta grand-m\u00e8re<\/li>\n<li>sur tes \u0153uvres de scrapbooking&#8230;<\/li>\n<\/ul>\n<p>Ta seule limite est celle de ton <strong>imagination !<\/strong><\/p>\n<p>&nbsp;<\/p>\n<p><strong>Ici, chaque objet achet\u00e9 participe \u00e0 la sauvegarde de la biodiversit\u00e9 : 1 euro du prix que tu paies est consacr\u00e9 \u00e0 un don que je ferai en fin d&#8217;ann\u00e9e \u00e0 une association \u0153uvrant pour le bien du vivant.\u00a0<\/strong><\/p>","protected":false},"featured_media":2334,"comment_status":"open","ping_status":"closed","template":"","meta":{"site-sidebar-layout":"default","site-content-layout":"default","ast-site-content-layout":"default","site-content-style":"default","site-sidebar-style":"default","ast-global-header-display":"","ast-banner-title-visibility":"","ast-main-header-display":"","ast-hfb-above-header-display":"","ast-hfb-below-header-display":"","ast-hfb-mobile-header-display":"","site-post-title":"","ast-breadcrumbs-content":"","ast-featured-img":"","footer-sml-layout":"","theme-transparent-header-meta":"default","adv-header-id-meta":"","stick-header-meta":"","header-above-stick-meta":"","header-main-stick-meta":"","header-below-stick-meta":"","astra-migrate-meta-layouts":"set","ast-page-background-enabled":"default","ast-page-background-meta":{"desktop":{"background-color":"","background-image":"","background-repeat":"repeat","background-position":"center center","background-size":"auto","background-attachment":"scroll","background-type":"","background-media":"","overlay-type":"","overlay-color":"","overlay-opacity":"","overlay-gradient":""},"tablet":{"background-color":"","background-image":"","background-repeat":"repeat","background-position":"center center","background-size":"auto","background-attachment":"scroll","background-type":"","background-media":"","overlay-type":"","overlay-color":"","overlay-opacity":"","overlay-gradient":""},"mobile":{"background-color":"","background-image":"","background-repeat":"repeat","background-position":"center center","background-size":"auto","background-attachment":"scroll","background-type":"","background-media":"","overlay-type":"","overlay-color":"","overlay-opacity":"","overlay-gradient":""}},"ast-content-background-meta":{"desktop":{"background-color":"var(--ast-global-color-5)","background-image":"","background-repeat":"repeat","background-position":"center center","background-size":"auto","background-attachment":"scroll","background-type":"","background-media":"","overlay-type":"","overlay-color":"","overlay-opacity":"","overlay-gradient":""},"tablet":{"background-color":"var(--ast-global-color-5)","background-image":"","background-repeat":"repeat","background-position":"center center","background-size":"auto","background-attachment":"scroll","background-type":"","background-media":"","overlay-type":"","overlay-color":"","overlay-opacity":"","overlay-gradient":""},"mobile":{"background-color":"var(--ast-global-color-5)","background-image":"","background-repeat":"repeat","background-position":"center center","background-size":"auto","background-attachment":"scroll","background-type":"","background-media":"","overlay-type":"","overlay-color":"","overlay-opacity":"","overlay-gradient":""}}},"product_cat":[28],"product_tag":[149,146,98,55,96],"class_list":{"0":"post-2328","1":"product","2":"type-product","3":"status-publish","4":"has-post-thumbnail","6":"product_cat-stickers-autocollants","7":"product_tag-animal-totem","8":"product_tag-animaux","9":"product_tag-chouette","10":"product_tag-dessin-oiseau","11":"product_tag-stickers","12":"desktop-align-left","13":"tablet-align-left","14":"mobile-align-left","16":"first","17":"instock","18":"taxable","19":"shipping-taxable","20":"purchasable","21":"product-type-simple"},"yoast_head":"<!-- This site is optimized with the Yoast SEO plugin v23.9 - https:\/\/yoast.com\/wordpress\/plugins\/seo\/ -->\n<title>Lot stickers animaux de la for\u00eat - Les Regards de Cyn<\/title>\n<meta name=\"description\" content=\"Plonge au c\u0153ur de l&#039;automne gr\u00e2ce \u00e0 ce doux lot de stickers animaux de la for\u00eat : renard, chouette effraie, champignon, scarab\u00e9e n&#039;attendent que toi!\" \/>\n<meta name=\"robots\" content=\"index, follow, max-snippet:-1, max-image-preview:large, max-video-preview:-1\" \/>\n<link rel=\"canonical\" href=\"https:\/\/www.regardsdecyn.com\/en\/product\/stickers-animaux-foret\/\" \/>\n<meta property=\"og:locale\" content=\"en_GB\" \/>\n<meta property=\"og:type\" content=\"article\" \/>\n<meta property=\"og:title\" content=\"Lot stickers animaux de la for\u00eat - Les Regards de Cyn\" \/>\n<meta property=\"og:description\" content=\"Plonge au c\u0153ur de l&#039;automne gr\u00e2ce \u00e0 ce doux lot de stickers animaux de la for\u00eat : renard, chouette effraie, champignon, scarab\u00e9e n&#039;attendent que toi!\" \/>\n<meta property=\"og:url\" content=\"https:\/\/www.regardsdecyn.com\/en\/product\/stickers-animaux-foret\/\" \/>\n<meta property=\"og:site_name\" content=\"Les Regards de Cyn\" \/>\n<meta property=\"article:modified_time\" content=\"2026-03-20T10:40:20+00:00\" \/>\n<meta property=\"og:image\" content=\"https:\/\/www.regardsdecyn.com\/wp-content\/uploads\/2023\/10\/1697536822351-scaled.jpg\" \/>\n\t<meta property=\"og:image:width\" content=\"1920\" \/>\n\t<meta property=\"og:image:height\" content=\"2560\" \/>\n\t<meta property=\"og:image:type\" content=\"image\/jpeg\" \/>\n<meta name=\"twitter:card\" content=\"summary_large_image\" \/>\n<meta name=\"twitter:label1\" content=\"Estimated reading time\" \/>\n\t<meta name=\"twitter:data1\" content=\"3 minutes\" \/>\n<script type=\"application\/ld+json\" class=\"yoast-schema-graph\">{\"@context\":\"https:\/\/schema.org\",\"@graph\":[{\"@type\":\"WebPage\",\"@id\":\"https:\/\/www.regardsdecyn.com\/produit\/stickers-animaux-foret\/\",\"url\":\"https:\/\/www.regardsdecyn.com\/produit\/stickers-animaux-foret\/\",\"name\":\"Lot stickers animaux de la for\u00eat - Les Regards de Cyn\",\"isPartOf\":{\"@id\":\"https:\/\/www.regardsdecyn.com\/#website\"},\"primaryImageOfPage\":{\"@id\":\"https:\/\/www.regardsdecyn.com\/produit\/stickers-animaux-foret\/#primaryimage\"},\"image\":{\"@id\":\"https:\/\/www.regardsdecyn.com\/produit\/stickers-animaux-foret\/#primaryimage\"},\"thumbnailUrl\":\"https:\/\/www.regardsdecyn.com\/wp-content\/uploads\/2023\/10\/1697536822351-scaled.jpg\",\"datePublished\":\"2023-10-17T12:29:51+00:00\",\"dateModified\":\"2026-03-20T10:40:20+00:00\",\"description\":\"Plonge au c\u0153ur de l'automne gr\u00e2ce \u00e0 ce doux lot de stickers animaux de la for\u00eat : renard, chouette effraie, champignon, scarab\u00e9e n'attendent que toi!\",\"breadcrumb\":{\"@id\":\"https:\/\/www.regardsdecyn.com\/produit\/stickers-animaux-foret\/#breadcrumb\"},\"inLanguage\":\"en-GB\",\"potentialAction\":[{\"@type\":\"ReadAction\",\"target\":[\"https:\/\/www.regardsdecyn.com\/produit\/stickers-animaux-foret\/\"]}]},{\"@type\":\"ImageObject\",\"inLanguage\":\"en-GB\",\"@id\":\"https:\/\/www.regardsdecyn.com\/produit\/stickers-animaux-foret\/#primaryimage\",\"url\":\"https:\/\/www.regardsdecyn.com\/wp-content\/uploads\/2023\/10\/1697536822351-scaled.jpg\",\"contentUrl\":\"https:\/\/www.regardsdecyn.com\/wp-content\/uploads\/2023\/10\/1697536822351-scaled.jpg\",\"width\":1920,\"height\":2560,\"caption\":\"Lot stickers animaux for\u00eat\"},{\"@type\":\"BreadcrumbList\",\"@id\":\"https:\/\/www.regardsdecyn.com\/produit\/stickers-animaux-foret\/#breadcrumb\",\"itemListElement\":[{\"@type\":\"ListItem\",\"position\":1,\"name\":\"Accueil\",\"item\":\"https:\/\/www.regardsdecyn.com\/\"},{\"@type\":\"ListItem\",\"position\":2,\"name\":\"Boutique\",\"item\":\"https:\/\/www.regardsdecyn.com\/boutique-papeterie-eco-responsable\/\"},{\"@type\":\"ListItem\",\"position\":3,\"name\":\"Lot stickers animaux de la for\u00eat\"}]},{\"@type\":\"WebSite\",\"@id\":\"https:\/\/www.regardsdecyn.com\/#website\",\"url\":\"https:\/\/www.regardsdecyn.com\/\",\"name\":\"Les Regards de Cyn\",\"description\":\"Illustrations nature et Papeterie cr\u00e9ative\",\"potentialAction\":[{\"@type\":\"SearchAction\",\"target\":{\"@type\":\"EntryPoint\",\"urlTemplate\":\"https:\/\/www.regardsdecyn.com\/?s={search_term_string}\"},\"query-input\":{\"@type\":\"PropertyValueSpecification\",\"valueRequired\":true,\"valueName\":\"search_term_string\"}}],\"inLanguage\":\"en-GB\"}]}<\/script>\n<!-- \/ Yoast SEO plugin. -->","yoast_head_json":{"title":"Lot stickers animaux de la for\u00eat - Les Regards de Cyn","description":"Plonge au c\u0153ur de l'automne gr\u00e2ce \u00e0 ce doux lot de stickers animaux de la for\u00eat : renard, chouette effraie, champignon, scarab\u00e9e n'attendent que toi!","robots":{"index":"index","follow":"follow","max-snippet":"max-snippet:-1","max-image-preview":"max-image-preview:large","max-video-preview":"max-video-preview:-1"},"canonical":"https:\/\/www.regardsdecyn.com\/en\/product\/stickers-animaux-foret\/","og_locale":"en_GB","og_type":"article","og_title":"Lot stickers animaux de la for\u00eat - Les Regards de Cyn","og_description":"Plonge au c\u0153ur de l'automne gr\u00e2ce \u00e0 ce doux lot de stickers animaux de la for\u00eat : renard, chouette effraie, champignon, scarab\u00e9e n'attendent que toi!","og_url":"https:\/\/www.regardsdecyn.com\/en\/product\/stickers-animaux-foret\/","og_site_name":"Les Regards de Cyn","article_modified_time":"2026-03-20T10:40:20+00:00","og_image":[{"width":1920,"height":2560,"url":"https:\/\/www.regardsdecyn.com\/wp-content\/uploads\/2023\/10\/1697536822351-scaled.jpg","type":"image\/jpeg"}],"twitter_card":"summary_large_image","twitter_misc":{"Estimated reading time":"3 minutes"},"schema":{"@context":"https:\/\/schema.org","@graph":[{"@type":"WebPage","@id":"https:\/\/www.regardsdecyn.com\/produit\/stickers-animaux-foret\/","url":"https:\/\/www.regardsdecyn.com\/produit\/stickers-animaux-foret\/","name":"Lot stickers animaux de la for\u00eat - Les Regards de Cyn","isPartOf":{"@id":"https:\/\/www.regardsdecyn.com\/#website"},"primaryImageOfPage":{"@id":"https:\/\/www.regardsdecyn.com\/produit\/stickers-animaux-foret\/#primaryimage"},"image":{"@id":"https:\/\/www.regardsdecyn.com\/produit\/stickers-animaux-foret\/#primaryimage"},"thumbnailUrl":"https:\/\/www.regardsdecyn.com\/wp-content\/uploads\/2023\/10\/1697536822351-scaled.jpg","datePublished":"2023-10-17T12:29:51+00:00","dateModified":"2026-03-20T10:40:20+00:00","description":"Plonge au c\u0153ur de l'automne gr\u00e2ce \u00e0 ce doux lot de stickers animaux de la for\u00eat : renard, chouette effraie, champignon, scarab\u00e9e n'attendent que toi!","breadcrumb":{"@id":"https:\/\/www.regardsdecyn.com\/produit\/stickers-animaux-foret\/#breadcrumb"},"inLanguage":"en-GB","potentialAction":[{"@type":"ReadAction","target":["https:\/\/www.regardsdecyn.com\/produit\/stickers-animaux-foret\/"]}]},{"@type":"ImageObject","inLanguage":"en-GB","@id":"https:\/\/www.regardsdecyn.com\/produit\/stickers-animaux-foret\/#primaryimage","url":"https:\/\/www.regardsdecyn.com\/wp-content\/uploads\/2023\/10\/1697536822351-scaled.jpg","contentUrl":"https:\/\/www.regardsdecyn.com\/wp-content\/uploads\/2023\/10\/1697536822351-scaled.jpg","width":1920,"height":2560,"caption":"Lot stickers animaux for\u00eat"},{"@type":"BreadcrumbList","@id":"https:\/\/www.regardsdecyn.com\/produit\/stickers-animaux-foret\/#breadcrumb","itemListElement":[{"@type":"ListItem","position":1,"name":"Accueil","item":"https:\/\/www.regardsdecyn.com\/"},{"@type":"ListItem","position":2,"name":"Boutique","item":"https:\/\/www.regardsdecyn.com\/boutique-papeterie-eco-responsable\/"},{"@type":"ListItem","position":3,"name":"Lot stickers animaux de la for\u00eat"}]},{"@type":"WebSite","@id":"https:\/\/www.regardsdecyn.com\/#website","url":"https:\/\/www.regardsdecyn.com\/","name":"Les Regards de Cyn","description":"Illustrations nature et Papeterie cr\u00e9ative","potentialAction":[{"@type":"SearchAction","target":{"@type":"EntryPoint","urlTemplate":"https:\/\/www.regardsdecyn.com\/?s={search_term_string}"},"query-input":{"@type":"PropertyValueSpecification","valueRequired":true,"valueName":"search_term_string"}}],"inLanguage":"en-GB"}]}},"jetpack_sharing_enabled":true,"_links":{"self":[{"href":"https:\/\/www.regardsdecyn.com\/en\/wp-json\/wp\/v2\/product\/2328","targetHints":{"allow":["GET"]}}],"collection":[{"href":"https:\/\/www.regardsdecyn.com\/en\/wp-json\/wp\/v2\/product"}],"about":[{"href":"https:\/\/www.regardsdecyn.com\/en\/wp-json\/wp\/v2\/types\/product"}],"replies":[{"embeddable":true,"href":"https:\/\/www.regardsdecyn.com\/en\/wp-json\/wp\/v2\/comments?post=2328"}],"version-history":[{"count":7,"href":"https:\/\/www.regardsdecyn.com\/en\/wp-json\/wp\/v2\/product\/2328\/revisions"}],"predecessor-version":[{"id":2942,"href":"https:\/\/www.regardsdecyn.com\/en\/wp-json\/wp\/v2\/product\/2328\/revisions\/2942"}],"wp:featuredmedia":[{"embeddable":true,"href":"https:\/\/www.regardsdecyn.com\/en\/wp-json\/wp\/v2\/media\/2334"}],"wp:attachment":[{"href":"https:\/\/www.regardsdecyn.com\/en\/wp-json\/wp\/v2\/media?parent=2328"}],"wp:term":[{"taxonomy":"product_cat","embeddable":true,"href":"https:\/\/www.regardsdecyn.com\/en\/wp-json\/wp\/v2\/product_cat?post=2328"},{"taxonomy":"product_tag","embeddable":true,"href":"https:\/\/www.regardsdecyn.com\/en\/wp-json\/wp\/v2\/product_tag?post=2328"}],"curies":[{"name":"wp","href":"https:\/\/api.w.org\/{rel}","templated":true}]}}