{"id":2176,"date":"2023-03-23T14:08:36","date_gmt":"2023-03-23T13:08:36","guid":{"rendered":"https:\/\/www.regardsdecyn.com\/?post_type=product&#038;p=2176"},"modified":"2026-03-20T11:17:59","modified_gmt":"2026-03-20T10:17:59","slug":"marque-pages-petite-ourse","status":"publish","type":"product","link":"https:\/\/www.regardsdecyn.com\/en\/product\/marque-pages-petite-ourse\/","title":{"rendered":"Marque-pages Petite ourse"},"content":{"rendered":"<h5>Si tu es un grand lecteur, ce marque page Petite ourse n&#8217;attend que toi pour partir \u00e0 l&#8217;aventure !<\/h5>\n<p>&nbsp;<\/p>\n<p>Ce<strong> marque-page Petite ourse<\/strong> trouvera facilement sa place dans les pages de ton livre pr\u00e9f\u00e9r\u00e9 ou dans celui du moment. Son grand format (5,4 x 21 cm) en fait le <strong>compagnon id\u00e9al<\/strong> de tes lectures de livres grand formats, mais pas que !<\/p>\n<p>Avec son <strong>illustration<\/strong> pleine de <strong>douceur et de po\u00e9sie<\/strong>, il te promet de belles rencontres et de beaux instants de lecture.<\/p>\n<p>&nbsp;<\/p>\n<p>Il porte le nom de <strong>Petite Ourse <\/strong>en r\u00e9f\u00e9rence \u00e0 cette ourse qui se repose paisiblement dans une <strong>for\u00eat magique<\/strong> o\u00f9 la v\u00e9g\u00e9tation pr\u00e9sente d&#8217;incroyables proportions.<\/p>\n<p>Son nom lui vient \u00e9galement de la <strong>constellation de la Petite ourse<\/strong> qui brille de mille feux pour \u00e9clairer les chemins qui m\u00e8nent \u00e0 ce <strong>monde enchanteur et enchant\u00e9.\u00a0<\/strong><\/p>\n<p>&nbsp;<\/p>\n<p>Comme tous les marque-pages que je te propose \u00e0 l&#8217;adoption, celui-ci est imprim\u00e9 sur <strong>papier de qualit\u00e9<\/strong> \u00e9pais <strong>100% recycl\u00e9.<\/strong> Pour ce mod\u00e8le j&#8217;ai choisi un papier r\u00e9alis\u00e9 \u00e0 partir de papier mais \u00e9galement de <strong>d\u00e9chets de ma\u00efs<\/strong>, ce qui lui donne cette teinte si chaude et particuli\u00e8re.<\/p>\n<p>L&#8217;impression est r\u00e9alis\u00e9e dans une <strong>imprimerie<\/strong> locale et <strong>\u00e9coresponsable<\/strong>.<\/p>\n<p>&nbsp;<\/p>\n<p>Tu peux \u00e9galement retrouver cette <strong>douce illustration<\/strong> \u00e0 l&#8217;aquarelle en<a href=\"https:\/\/www.regardsdecyn.com\/en\/product\/carte-illustration-petite-ourse\/\"><strong> carte postale<\/strong> au format 21&#215;21 cm<\/a> : \u00e0 afficher, encadrer ou envoyer. Cet <strong>ensemble de deux pi\u00e8ces<\/strong> sera parfait pour tous les <strong>fans de papeterie.<\/strong><\/p>\n<p>Et pourquoi ne pas construire un ensemble complet en y rajoutant un <a href=\"https:\/\/www.regardsdecyn.com\/en\/product-category\/carnet-bloc-notes\/\">bloc-notes<\/a> ?<\/p>\n<p>&nbsp;<\/p>\n<h6><b>Ton marque-pages Petite ourse prend son envol et atterrit dans ta bo\u00eete aux lettres<\/b><\/h6>\n<p>&nbsp;<\/p>\n<p>Ton marque-pages Petite ourse te sera envoy\u00e9 <strong>emball\u00e9 dans un cocon<\/strong> de papier de soie reposant dans une enveloppe \u00e0 int\u00e9rieur papier bulle pour plus de douceur et de s\u00e9r\u00e9nit\u00e9 durant son voyage. Je l&#8217;accompagne d\u2019un petit <strong>mot manuscrit<\/strong>\u00a0\u00e9crit rien que pour toi. Tu es\u00a0<strong>unique<\/strong>, ta commande se doit de l\u2019\u00eatre aussi.<\/p>\n<p>Tu souhaites l&#8217;offrir ? Je peux l\u2019envoyer pour toi \u00e0 la personne de ton choix et <b>retranscrire tes mots<\/b>\u00a0de ma belle \u00e9criture pour une\u00a0<b>surprise<\/b>\u00a0d\u2019autant plus appr\u00e9ci\u00e9e !\u00a0 Signale-le moi dans l\u2019espace commentaire lors de ta commande.<\/p>\n<p>&nbsp;<\/p>\n<p><strong>Ici, chaque objet achet\u00e9 participe \u00e0 la sauvegarde de la biodiversit\u00e9 : 1 euro du prix que tu paies est consacr\u00e9 \u00e0 un don que je ferai en fin d&#8217;ann\u00e9e \u00e0 une association \u0153uvrant pour le bien du vivant.\u00a0<\/strong><\/p>","protected":false},"excerpt":{"rendered":"<h5>Si tu es un grand lecteur, ce marque page Petite ourse n&#8217;attend que toi pour partir \u00e0 l&#8217;aventure !<\/h5>\n<p>&nbsp;<\/p>\n<p>Ce<strong> marque-page Petite ourse<\/strong> trouvera facilement sa place dans les pages de ton livre pr\u00e9f\u00e9r\u00e9 ou dans celui du moment. Son grand format (5,4 x 21 cm) en fait le <strong>compagnon id\u00e9al<\/strong> de tes lectures de livres grand formats, mais pas que !<\/p>\n<p>Avec son <strong>illustration<\/strong> pleine de <strong>douceur et de po\u00e9sie<\/strong>, il te promet de belles rencontres et de beaux instants de lecture.<\/p>\n<p>&nbsp;<\/p>\n<p>Il porte le nom de <strong>Petite Ourse <\/strong>en r\u00e9f\u00e9rence \u00e0 cette ourse qui se repose paisiblement dans une <strong>for\u00eat magique<\/strong> o\u00f9 la v\u00e9g\u00e9tation pr\u00e9sente d&#8217;incroyables proportions.<\/p>\n<p>Son nom lui vient \u00e9galement de la <strong>constellation de la Petite ourse<\/strong> qui brille de mille feux pour \u00e9clairer les chemins qui m\u00e8nent \u00e0 ce <strong>monde enchanteur et enchant\u00e9.\u00a0<\/strong><\/p>\n<p>&nbsp;<\/p>\n<p><strong>Ici, chaque objet achet\u00e9 participe \u00e0 la sauvegarde de la biodiversit\u00e9 : 1 euro du prix que tu paies est consacr\u00e9 \u00e0 un don que je ferai en fin d&#8217;ann\u00e9e \u00e0 une association \u0153uvrant pour le bien du vivant.\u00a0<\/strong><\/p>","protected":false},"featured_media":2416,"comment_status":"open","ping_status":"closed","template":"","meta":{"site-sidebar-layout":"default","site-content-layout":"default","ast-site-content-layout":"default","site-content-style":"default","site-sidebar-style":"default","ast-global-header-display":"","ast-banner-title-visibility":"","ast-main-header-display":"","ast-hfb-above-header-display":"","ast-hfb-below-header-display":"","ast-hfb-mobile-header-display":"","site-post-title":"","ast-breadcrumbs-content":"","ast-featured-img":"","footer-sml-layout":"","theme-transparent-header-meta":"default","adv-header-id-meta":"","stick-header-meta":"","header-above-stick-meta":"","header-main-stick-meta":"","header-below-stick-meta":"","astra-migrate-meta-layouts":"set","ast-page-background-enabled":"default","ast-page-background-meta":{"desktop":{"background-color":"","background-image":"","background-repeat":"repeat","background-position":"center center","background-size":"auto","background-attachment":"scroll","background-type":"","background-media":"","overlay-type":"","overlay-color":"","overlay-opacity":"","overlay-gradient":""},"tablet":{"background-color":"","background-image":"","background-repeat":"repeat","background-position":"center center","background-size":"auto","background-attachment":"scroll","background-type":"","background-media":"","overlay-type":"","overlay-color":"","overlay-opacity":"","overlay-gradient":""},"mobile":{"background-color":"","background-image":"","background-repeat":"repeat","background-position":"center center","background-size":"auto","background-attachment":"scroll","background-type":"","background-media":"","overlay-type":"","overlay-color":"","overlay-opacity":"","overlay-gradient":""}},"ast-content-background-meta":{"desktop":{"background-color":"var(--ast-global-color-5)","background-image":"","background-repeat":"repeat","background-position":"center center","background-size":"auto","background-attachment":"scroll","background-type":"","background-media":"","overlay-type":"","overlay-color":"","overlay-opacity":"","overlay-gradient":""},"tablet":{"background-color":"var(--ast-global-color-5)","background-image":"","background-repeat":"repeat","background-position":"center center","background-size":"auto","background-attachment":"scroll","background-type":"","background-media":"","overlay-type":"","overlay-color":"","overlay-opacity":"","overlay-gradient":""},"mobile":{"background-color":"var(--ast-global-color-5)","background-image":"","background-repeat":"repeat","background-position":"center center","background-size":"auto","background-attachment":"scroll","background-type":"","background-media":"","overlay-type":"","overlay-color":"","overlay-opacity":"","overlay-gradient":""}}},"product_cat":[155],"product_tag":[157,132,107,152,143,156,83,86,84,75,49,151,110],"class_list":{"0":"post-2176","1":"product","2":"type-product","3":"status-publish","4":"has-post-thumbnail","6":"product_cat-marque-pages","7":"product_tag-aquarelle","8":"product_tag-coloriage-animaux","9":"product_tag-dessin-animal","10":"product_tag-dessin-animaux","11":"product_tag-dessin-nature","12":"product_tag-dessin-ours","13":"product_tag-ecureuil","14":"product_tag-faune-et-flore","15":"product_tag-foret","16":"product_tag-illustration-animal","17":"product_tag-illustration-oiseau","18":"product_tag-ours","19":"product_tag-papeterie","20":"desktop-align-left","21":"tablet-align-left","22":"mobile-align-left","24":"first","25":"instock","26":"taxable","27":"shipping-taxable","28":"purchasable","29":"product-type-simple"},"yoast_head":"<!-- This site is optimized with the Yoast SEO plugin v23.9 - https:\/\/yoast.com\/wordpress\/plugins\/seo\/ -->\n<title>Marque-pages Petite ourse - Les Regards de Cyn<\/title>\n<meta name=\"description\" content=\"Marque-pages Petite ourse. Illustration po\u00e9tique \u00e0 l&#039;aquarelle. 5,4 x 21 cm, id\u00e9al pour les livres grand format. Papier \u00e9pais 100% recycl\u00e9.\" \/>\n<meta name=\"robots\" content=\"index, follow, max-snippet:-1, max-image-preview:large, max-video-preview:-1\" \/>\n<link rel=\"canonical\" href=\"https:\/\/www.regardsdecyn.com\/en\/product\/marque-pages-petite-ourse\/\" \/>\n<meta property=\"og:locale\" content=\"en_GB\" \/>\n<meta property=\"og:type\" content=\"article\" \/>\n<meta property=\"og:title\" content=\"Marque-pages Petite ourse - Les Regards de Cyn\" \/>\n<meta property=\"og:description\" content=\"Marque-pages Petite ourse. Illustration po\u00e9tique \u00e0 l&#039;aquarelle. 5,4 x 21 cm, id\u00e9al pour les livres grand format. Papier \u00e9pais 100% recycl\u00e9.\" \/>\n<meta property=\"og:url\" content=\"https:\/\/www.regardsdecyn.com\/en\/product\/marque-pages-petite-ourse\/\" \/>\n<meta property=\"og:site_name\" content=\"Les Regards de Cyn\" \/>\n<meta property=\"article:modified_time\" content=\"2026-03-20T10:17:59+00:00\" \/>\n<meta property=\"og:image\" content=\"https:\/\/www.regardsdecyn.com\/wp-content\/uploads\/2023\/03\/IMG_20230912_153929_002-scaled.jpg\" \/>\n\t<meta property=\"og:image:width\" content=\"2048\" \/>\n\t<meta property=\"og:image:height\" content=\"2560\" \/>\n\t<meta property=\"og:image:type\" content=\"image\/jpeg\" \/>\n<meta name=\"twitter:card\" content=\"summary_large_image\" \/>\n<meta name=\"twitter:label1\" content=\"Estimated reading time\" \/>\n\t<meta name=\"twitter:data1\" content=\"3 minutes\" \/>\n<script type=\"application\/ld+json\" class=\"yoast-schema-graph\">{\"@context\":\"https:\/\/schema.org\",\"@graph\":[{\"@type\":\"WebPage\",\"@id\":\"https:\/\/www.regardsdecyn.com\/produit\/marque-pages-petite-ourse\/\",\"url\":\"https:\/\/www.regardsdecyn.com\/produit\/marque-pages-petite-ourse\/\",\"name\":\"Marque-pages Petite ourse - Les Regards de Cyn\",\"isPartOf\":{\"@id\":\"https:\/\/www.regardsdecyn.com\/#website\"},\"primaryImageOfPage\":{\"@id\":\"https:\/\/www.regardsdecyn.com\/produit\/marque-pages-petite-ourse\/#primaryimage\"},\"image\":{\"@id\":\"https:\/\/www.regardsdecyn.com\/produit\/marque-pages-petite-ourse\/#primaryimage\"},\"thumbnailUrl\":\"https:\/\/www.regardsdecyn.com\/wp-content\/uploads\/2023\/03\/IMG_20230912_153929_002-scaled.jpg\",\"datePublished\":\"2023-03-23T13:08:36+00:00\",\"dateModified\":\"2026-03-20T10:17:59+00:00\",\"description\":\"Marque-pages Petite ourse. Illustration po\u00e9tique \u00e0 l'aquarelle. 5,4 x 21 cm, id\u00e9al pour les livres grand format. Papier \u00e9pais 100% recycl\u00e9.\",\"breadcrumb\":{\"@id\":\"https:\/\/www.regardsdecyn.com\/produit\/marque-pages-petite-ourse\/#breadcrumb\"},\"inLanguage\":\"en-GB\",\"potentialAction\":[{\"@type\":\"ReadAction\",\"target\":[\"https:\/\/www.regardsdecyn.com\/produit\/marque-pages-petite-ourse\/\"]}]},{\"@type\":\"ImageObject\",\"inLanguage\":\"en-GB\",\"@id\":\"https:\/\/www.regardsdecyn.com\/produit\/marque-pages-petite-ourse\/#primaryimage\",\"url\":\"https:\/\/www.regardsdecyn.com\/wp-content\/uploads\/2023\/03\/IMG_20230912_153929_002-scaled.jpg\",\"contentUrl\":\"https:\/\/www.regardsdecyn.com\/wp-content\/uploads\/2023\/03\/IMG_20230912_153929_002-scaled.jpg\",\"width\":2048,\"height\":2560,\"caption\":\"Marque-pages Petite ourse\"},{\"@type\":\"BreadcrumbList\",\"@id\":\"https:\/\/www.regardsdecyn.com\/produit\/marque-pages-petite-ourse\/#breadcrumb\",\"itemListElement\":[{\"@type\":\"ListItem\",\"position\":1,\"name\":\"Accueil\",\"item\":\"https:\/\/www.regardsdecyn.com\/\"},{\"@type\":\"ListItem\",\"position\":2,\"name\":\"Boutique\",\"item\":\"https:\/\/www.regardsdecyn.com\/boutique-papeterie-eco-responsable\/\"},{\"@type\":\"ListItem\",\"position\":3,\"name\":\"Marque-pages Petite ourse\"}]},{\"@type\":\"WebSite\",\"@id\":\"https:\/\/www.regardsdecyn.com\/#website\",\"url\":\"https:\/\/www.regardsdecyn.com\/\",\"name\":\"Les Regards de Cyn\",\"description\":\"Illustrations nature et Papeterie cr\u00e9ative\",\"potentialAction\":[{\"@type\":\"SearchAction\",\"target\":{\"@type\":\"EntryPoint\",\"urlTemplate\":\"https:\/\/www.regardsdecyn.com\/?s={search_term_string}\"},\"query-input\":{\"@type\":\"PropertyValueSpecification\",\"valueRequired\":true,\"valueName\":\"search_term_string\"}}],\"inLanguage\":\"en-GB\"}]}<\/script>\n<!-- \/ Yoast SEO plugin. -->","yoast_head_json":{"title":"Marque-pages Petite ourse - Les Regards de Cyn","description":"Marque-pages Petite ourse. Illustration po\u00e9tique \u00e0 l'aquarelle. 5,4 x 21 cm, id\u00e9al pour les livres grand format. Papier \u00e9pais 100% recycl\u00e9.","robots":{"index":"index","follow":"follow","max-snippet":"max-snippet:-1","max-image-preview":"max-image-preview:large","max-video-preview":"max-video-preview:-1"},"canonical":"https:\/\/www.regardsdecyn.com\/en\/product\/marque-pages-petite-ourse\/","og_locale":"en_GB","og_type":"article","og_title":"Marque-pages Petite ourse - Les Regards de Cyn","og_description":"Marque-pages Petite ourse. Illustration po\u00e9tique \u00e0 l'aquarelle. 5,4 x 21 cm, id\u00e9al pour les livres grand format. Papier \u00e9pais 100% recycl\u00e9.","og_url":"https:\/\/www.regardsdecyn.com\/en\/product\/marque-pages-petite-ourse\/","og_site_name":"Les Regards de Cyn","article_modified_time":"2026-03-20T10:17:59+00:00","og_image":[{"width":2048,"height":2560,"url":"https:\/\/www.regardsdecyn.com\/wp-content\/uploads\/2023\/03\/IMG_20230912_153929_002-scaled.jpg","type":"image\/jpeg"}],"twitter_card":"summary_large_image","twitter_misc":{"Estimated reading time":"3 minutes"},"schema":{"@context":"https:\/\/schema.org","@graph":[{"@type":"WebPage","@id":"https:\/\/www.regardsdecyn.com\/produit\/marque-pages-petite-ourse\/","url":"https:\/\/www.regardsdecyn.com\/produit\/marque-pages-petite-ourse\/","name":"Marque-pages Petite ourse - Les Regards de Cyn","isPartOf":{"@id":"https:\/\/www.regardsdecyn.com\/#website"},"primaryImageOfPage":{"@id":"https:\/\/www.regardsdecyn.com\/produit\/marque-pages-petite-ourse\/#primaryimage"},"image":{"@id":"https:\/\/www.regardsdecyn.com\/produit\/marque-pages-petite-ourse\/#primaryimage"},"thumbnailUrl":"https:\/\/www.regardsdecyn.com\/wp-content\/uploads\/2023\/03\/IMG_20230912_153929_002-scaled.jpg","datePublished":"2023-03-23T13:08:36+00:00","dateModified":"2026-03-20T10:17:59+00:00","description":"Marque-pages Petite ourse. Illustration po\u00e9tique \u00e0 l'aquarelle. 5,4 x 21 cm, id\u00e9al pour les livres grand format. Papier \u00e9pais 100% recycl\u00e9.","breadcrumb":{"@id":"https:\/\/www.regardsdecyn.com\/produit\/marque-pages-petite-ourse\/#breadcrumb"},"inLanguage":"en-GB","potentialAction":[{"@type":"ReadAction","target":["https:\/\/www.regardsdecyn.com\/produit\/marque-pages-petite-ourse\/"]}]},{"@type":"ImageObject","inLanguage":"en-GB","@id":"https:\/\/www.regardsdecyn.com\/produit\/marque-pages-petite-ourse\/#primaryimage","url":"https:\/\/www.regardsdecyn.com\/wp-content\/uploads\/2023\/03\/IMG_20230912_153929_002-scaled.jpg","contentUrl":"https:\/\/www.regardsdecyn.com\/wp-content\/uploads\/2023\/03\/IMG_20230912_153929_002-scaled.jpg","width":2048,"height":2560,"caption":"Marque-pages Petite ourse"},{"@type":"BreadcrumbList","@id":"https:\/\/www.regardsdecyn.com\/produit\/marque-pages-petite-ourse\/#breadcrumb","itemListElement":[{"@type":"ListItem","position":1,"name":"Accueil","item":"https:\/\/www.regardsdecyn.com\/"},{"@type":"ListItem","position":2,"name":"Boutique","item":"https:\/\/www.regardsdecyn.com\/boutique-papeterie-eco-responsable\/"},{"@type":"ListItem","position":3,"name":"Marque-pages Petite ourse"}]},{"@type":"WebSite","@id":"https:\/\/www.regardsdecyn.com\/#website","url":"https:\/\/www.regardsdecyn.com\/","name":"Les Regards de Cyn","description":"Illustrations nature et Papeterie cr\u00e9ative","potentialAction":[{"@type":"SearchAction","target":{"@type":"EntryPoint","urlTemplate":"https:\/\/www.regardsdecyn.com\/?s={search_term_string}"},"query-input":{"@type":"PropertyValueSpecification","valueRequired":true,"valueName":"search_term_string"}}],"inLanguage":"en-GB"}]}},"jetpack_sharing_enabled":true,"_links":{"self":[{"href":"https:\/\/www.regardsdecyn.com\/en\/wp-json\/wp\/v2\/product\/2176","targetHints":{"allow":["GET"]}}],"collection":[{"href":"https:\/\/www.regardsdecyn.com\/en\/wp-json\/wp\/v2\/product"}],"about":[{"href":"https:\/\/www.regardsdecyn.com\/en\/wp-json\/wp\/v2\/types\/product"}],"replies":[{"embeddable":true,"href":"https:\/\/www.regardsdecyn.com\/en\/wp-json\/wp\/v2\/comments?post=2176"}],"version-history":[{"count":6,"href":"https:\/\/www.regardsdecyn.com\/en\/wp-json\/wp\/v2\/product\/2176\/revisions"}],"predecessor-version":[{"id":2946,"href":"https:\/\/www.regardsdecyn.com\/en\/wp-json\/wp\/v2\/product\/2176\/revisions\/2946"}],"wp:featuredmedia":[{"embeddable":true,"href":"https:\/\/www.regardsdecyn.com\/en\/wp-json\/wp\/v2\/media\/2416"}],"wp:attachment":[{"href":"https:\/\/www.regardsdecyn.com\/en\/wp-json\/wp\/v2\/media?parent=2176"}],"wp:term":[{"taxonomy":"product_cat","embeddable":true,"href":"https:\/\/www.regardsdecyn.com\/en\/wp-json\/wp\/v2\/product_cat?post=2176"},{"taxonomy":"product_tag","embeddable":true,"href":"https:\/\/www.regardsdecyn.com\/en\/wp-json\/wp\/v2\/product_tag?post=2176"}],"curies":[{"name":"wp","href":"https:\/\/api.w.org\/{rel}","templated":true}]}}