{"id":2174,"date":"2023-03-23T13:58:24","date_gmt":"2023-03-23T12:58:24","guid":{"rendered":"https:\/\/www.regardsdecyn.com\/?post_type=product&#038;p=2174"},"modified":"2026-03-20T11:18:25","modified_gmt":"2026-03-20T10:18:25","slug":"marque-pages-ribambelle-decureuils","status":"publish","type":"product","link":"https:\/\/www.regardsdecyn.com\/en\/product\/marque-pages-ribambelle-decureuils\/","title":{"rendered":"Marque-pages Ribambelle d&#8217;\u00e9cureuils"},"content":{"rendered":"<h5><\/h5>\n<h5>Embarque pour un moment lecture cocooning\u00a0 avec ton marque-pages Ribambelle d&#8217;\u00e9cureuils<\/h5>\n<p>&nbsp;<\/p>\n<p>Ce <strong>grand marque-pages Ribambelle d&#8217;\u00e9cureuils (5,4 x 21 cm)\u00a0<\/strong> trouvera sa place dans les pages de ton livre pr\u00e9f\u00e9r\u00e9 ou dans le prochain qui patiente dans ta PAL.<\/p>\n<p>( Si, si, tu sais de quoi je parle. Cette pile que tu essaies d\u00e9sesp\u00e9r\u00e9ment de cacher et qui grandit sans jamais r\u00e9tr\u00e9cir ^^)<\/p>\n<p>Son grand format en fait le <strong>compagnon forestier id\u00e9al<\/strong> de tes lectures. Avec ses petits <strong>\u00e9cureuils<\/strong> chapardeurs, il \u00e9gaiera tes moments lecture gr\u00e2ce \u00e0 un brin de <strong>fantaisie<\/strong> ! Et peut-\u00eatre que si tu es attentif-ve, tu sentira l&#8217;odeur de la for\u00eat et des noisettes !<\/p>\n<p>&nbsp;<\/p>\n<p>Ce marque-pages est imprim\u00e9 sur <strong>papier de qualit\u00e9<\/strong> \u00e9pais <strong>100% recycl\u00e9. <\/strong>Il est r\u00e9alis\u00e9 \u00e0 partir de papier mais \u00e9galement de d\u00e9chets de ma\u00efs. C&#8217;est ce qui lui donne cette teinte si chaude et particuli\u00e8re. Je fais imprimer toute ma papeterie dans une <strong>imprimerie<\/strong> locale et <strong>\u00e9coresponsable<\/strong>.<\/p>\n<p>&nbsp;<\/p>\n<p>Si tu es un-e amoureux-se de nos amis forestiers \u00e0 queues touffues, je te <strong>recommande \u00e9galement<\/strong> cette <a href=\"https:\/\/www.regardsdecyn.com\/en\/product\/cartes-illustration-animaux-totems\/\">carte A5<\/a> mettant \u00e0 l&#8217;honneur l&#8217;\u00e9cureuil comme animal totems avec son illustration l\u00e9g\u00e8re \u00e0 l&#8217;aquarelle au recto et son texte inspirant au verso.<\/p>\n<p>Et si tu as soif e connaissances, cette <a href=\"https:\/\/www.regardsdecyn.com\/en\/product\/illustration-planche-identification-ecureuil\/\">planche identification<\/a> t&#8217;aidera \u00e0 reconna\u00eetre les traces que nos amis chapardeurs laissent sur leur passage.<\/p>\n<p>&nbsp;<\/p>\n<h6><b>Ton marque-pages Ribambelle d&#8217;\u00e9cureuils prend son envol et atterrit dans ta bo\u00eete aux lettres<\/b><\/h6>\n<p>&nbsp;<\/p>\n<p>Ton marque-pages Ribambelle d&#8217;\u00e9cureuils te sera envoy\u00e9 <strong>emball\u00e9 dans un cocon<\/strong> de papier de soie reposant dans une enveloppe \u00e0 int\u00e9rieur papier bulle pour plus de douceur et de s\u00e9r\u00e9nit\u00e9 durant son voyage. Je l&#8217;accompagne d\u2019un petit <strong>mot manuscrit<\/strong>\u00a0\u00e9crit rien que pour toi. Tu es\u00a0<strong>unique<\/strong>, ta commande se doit de l\u2019\u00eatre aussi.<\/p>\n<p>Tu souhaites l&#8217;offrir ? Je peux l\u2019envoyer pour toi \u00e0 la personne de ton choix et <b>retranscrire tes mots<\/b>\u00a0de ma belle \u00e9criture pour une\u00a0<b>surprise<\/b>\u00a0d\u2019autant plus appr\u00e9ci\u00e9e !\u00a0 Signale-le moi dans l\u2019espace commentaire lors de ta commande.<\/p>\n<p>&nbsp;<\/p>\n<p><strong>Ici, chaque objet achet\u00e9 participe \u00e0 la sauvegarde de la biodiversit\u00e9 : 1 euro du prix que tu paies est consacr\u00e9 \u00e0 un don que je ferai en fin d&#8217;ann\u00e9e \u00e0 une association \u0153uvrant pour le bien du vivant.\u00a0<\/strong><\/p>","protected":false},"excerpt":{"rendered":"<h5>Embarque pour un moment lecture cocooning\u00a0 avec ton marque-pages Ribambelle d&#8217;\u00e9cureuils<\/h5>\n<p>&nbsp;<\/p>\n<p>Ce <strong>grand marque-pages Ribambelle d&#8217;\u00e9cureuils (5,4 x 21 cm)\u00a0<\/strong> trouvera sa place dans les pages de ton livre pr\u00e9f\u00e9r\u00e9 ou dans le prochain qui patiente dans ta PAL.<\/p>\n<p>( Si, si, tu sais de quoi je parle. Cette pile que tu essaies d\u00e9sesp\u00e9r\u00e9ment de cacher et qui grandit sans jamais r\u00e9tr\u00e9cir ^^)<\/p>\n<p>Son grand format en fait le <strong>compagnon forestier id\u00e9al<\/strong> de tes lectures. Avec ses petits <strong>\u00e9cureuils<\/strong> chapardeurs, il \u00e9gaiera tes moments lecture gr\u00e2ce \u00e0 un brin de <strong>fantaisie<\/strong> ! Et peut-\u00eatre que si tu es attentif-ve, tu sentira l&#8217;odeur de la for\u00eat et des noisettes !<\/p>\n<p>&nbsp;<\/p>\n<p><strong>Ici, chaque objet achet\u00e9 participe \u00e0 la sauvegarde de la biodiversit\u00e9 : 1 euro du prix que tu paies est consacr\u00e9 \u00e0 un don que je ferai en fin d&#8217;ann\u00e9e \u00e0 une association \u0153uvrant pour le bien du vivant.\u00a0<\/strong><\/p>","protected":false},"featured_media":2415,"comment_status":"open","ping_status":"closed","template":"","meta":{"site-sidebar-layout":"default","site-content-layout":"default","ast-site-content-layout":"default","site-content-style":"default","site-sidebar-style":"default","ast-global-header-display":"","ast-banner-title-visibility":"","ast-main-header-display":"","ast-hfb-above-header-display":"","ast-hfb-below-header-display":"","ast-hfb-mobile-header-display":"","site-post-title":"","ast-breadcrumbs-content":"","ast-featured-img":"","footer-sml-layout":"","theme-transparent-header-meta":"default","adv-header-id-meta":"","stick-header-meta":"","header-above-stick-meta":"","header-main-stick-meta":"","header-below-stick-meta":"","astra-migrate-meta-layouts":"set","ast-page-background-enabled":"default","ast-page-background-meta":{"desktop":{"background-color":"","background-image":"","background-repeat":"repeat","background-position":"center center","background-size":"auto","background-attachment":"scroll","background-type":"","background-media":"","overlay-type":"","overlay-color":"","overlay-opacity":"","overlay-gradient":""},"tablet":{"background-color":"","background-image":"","background-repeat":"repeat","background-position":"center center","background-size":"auto","background-attachment":"scroll","background-type":"","background-media":"","overlay-type":"","overlay-color":"","overlay-opacity":"","overlay-gradient":""},"mobile":{"background-color":"","background-image":"","background-repeat":"repeat","background-position":"center center","background-size":"auto","background-attachment":"scroll","background-type":"","background-media":"","overlay-type":"","overlay-color":"","overlay-opacity":"","overlay-gradient":""}},"ast-content-background-meta":{"desktop":{"background-color":"var(--ast-global-color-5)","background-image":"","background-repeat":"repeat","background-position":"center center","background-size":"auto","background-attachment":"scroll","background-type":"","background-media":"","overlay-type":"","overlay-color":"","overlay-opacity":"","overlay-gradient":""},"tablet":{"background-color":"var(--ast-global-color-5)","background-image":"","background-repeat":"repeat","background-position":"center center","background-size":"auto","background-attachment":"scroll","background-type":"","background-media":"","overlay-type":"","overlay-color":"","overlay-opacity":"","overlay-gradient":""},"mobile":{"background-color":"var(--ast-global-color-5)","background-image":"","background-repeat":"repeat","background-position":"center center","background-size":"auto","background-attachment":"scroll","background-type":"","background-media":"","overlay-type":"","overlay-color":"","overlay-opacity":"","overlay-gradient":""}}},"product_cat":[155],"product_tag":[132,107,152,143,83,86,84,75,49,110],"class_list":{"0":"post-2174","1":"product","2":"type-product","3":"status-publish","4":"has-post-thumbnail","6":"product_cat-marque-pages","7":"product_tag-coloriage-animaux","8":"product_tag-dessin-animal","9":"product_tag-dessin-animaux","10":"product_tag-dessin-nature","11":"product_tag-ecureuil","12":"product_tag-faune-et-flore","13":"product_tag-foret","14":"product_tag-illustration-animal","15":"product_tag-illustration-oiseau","16":"product_tag-papeterie","17":"desktop-align-left","18":"tablet-align-left","19":"mobile-align-left","21":"first","22":"instock","23":"taxable","24":"shipping-taxable","25":"purchasable","26":"product-type-simple"},"yoast_head":"<!-- This site is optimized with the Yoast SEO plugin v23.9 - https:\/\/yoast.com\/wordpress\/plugins\/seo\/ -->\n<title>Marque-pages Ribambelle d&#039;\u00e9cureuils - Les Regards de Cyn<\/title>\n<meta name=\"description\" content=\"Marque-pages Ribambelle d&#039;\u00e9cureuils, illustration po\u00e9tique \u00e0 l&#039;aquarelle. 5,4 x 21 cm, id\u00e9al pour les livres grand format. Papier \u00e9pais 100% recycl\u00e9.\" \/>\n<meta name=\"robots\" content=\"index, follow, max-snippet:-1, max-image-preview:large, max-video-preview:-1\" \/>\n<link rel=\"canonical\" href=\"https:\/\/www.regardsdecyn.com\/en\/product\/marque-pages-ribambelle-decureuils\/\" \/>\n<meta property=\"og:locale\" content=\"en_GB\" \/>\n<meta property=\"og:type\" content=\"article\" \/>\n<meta property=\"og:title\" content=\"Marque-pages Ribambelle d&#039;\u00e9cureuils - Les Regards de Cyn\" \/>\n<meta property=\"og:description\" content=\"Marque-pages Ribambelle d&#039;\u00e9cureuils, illustration po\u00e9tique \u00e0 l&#039;aquarelle. 5,4 x 21 cm, id\u00e9al pour les livres grand format. Papier \u00e9pais 100% recycl\u00e9.\" \/>\n<meta property=\"og:url\" content=\"https:\/\/www.regardsdecyn.com\/en\/product\/marque-pages-ribambelle-decureuils\/\" \/>\n<meta property=\"og:site_name\" content=\"Les Regards de Cyn\" \/>\n<meta property=\"article:modified_time\" content=\"2026-03-20T10:18:25+00:00\" \/>\n<meta property=\"og:image\" content=\"https:\/\/www.regardsdecyn.com\/wp-content\/uploads\/2023\/03\/IMG_20230831_115312-scaled.jpg\" \/>\n\t<meta property=\"og:image:width\" content=\"1920\" \/>\n\t<meta property=\"og:image:height\" content=\"2560\" \/>\n\t<meta property=\"og:image:type\" content=\"image\/jpeg\" \/>\n<meta name=\"twitter:card\" content=\"summary_large_image\" \/>\n<meta name=\"twitter:label1\" content=\"Estimated reading time\" \/>\n\t<meta name=\"twitter:data1\" content=\"3 minutes\" \/>\n<script type=\"application\/ld+json\" class=\"yoast-schema-graph\">{\"@context\":\"https:\/\/schema.org\",\"@graph\":[{\"@type\":\"WebPage\",\"@id\":\"https:\/\/www.regardsdecyn.com\/produit\/marque-pages-ribambelle-decureuils\/\",\"url\":\"https:\/\/www.regardsdecyn.com\/produit\/marque-pages-ribambelle-decureuils\/\",\"name\":\"Marque-pages Ribambelle d'\u00e9cureuils - Les Regards de Cyn\",\"isPartOf\":{\"@id\":\"https:\/\/www.regardsdecyn.com\/#website\"},\"primaryImageOfPage\":{\"@id\":\"https:\/\/www.regardsdecyn.com\/produit\/marque-pages-ribambelle-decureuils\/#primaryimage\"},\"image\":{\"@id\":\"https:\/\/www.regardsdecyn.com\/produit\/marque-pages-ribambelle-decureuils\/#primaryimage\"},\"thumbnailUrl\":\"https:\/\/www.regardsdecyn.com\/wp-content\/uploads\/2023\/03\/IMG_20230831_115312-scaled.jpg\",\"datePublished\":\"2023-03-23T12:58:24+00:00\",\"dateModified\":\"2026-03-20T10:18:25+00:00\",\"description\":\"Marque-pages Ribambelle d'\u00e9cureuils, illustration po\u00e9tique \u00e0 l'aquarelle. 5,4 x 21 cm, id\u00e9al pour les livres grand format. Papier \u00e9pais 100% recycl\u00e9.\",\"breadcrumb\":{\"@id\":\"https:\/\/www.regardsdecyn.com\/produit\/marque-pages-ribambelle-decureuils\/#breadcrumb\"},\"inLanguage\":\"en-GB\",\"potentialAction\":[{\"@type\":\"ReadAction\",\"target\":[\"https:\/\/www.regardsdecyn.com\/produit\/marque-pages-ribambelle-decureuils\/\"]}]},{\"@type\":\"ImageObject\",\"inLanguage\":\"en-GB\",\"@id\":\"https:\/\/www.regardsdecyn.com\/produit\/marque-pages-ribambelle-decureuils\/#primaryimage\",\"url\":\"https:\/\/www.regardsdecyn.com\/wp-content\/uploads\/2023\/03\/IMG_20230831_115312-scaled.jpg\",\"contentUrl\":\"https:\/\/www.regardsdecyn.com\/wp-content\/uploads\/2023\/03\/IMG_20230831_115312-scaled.jpg\",\"width\":1920,\"height\":2560,\"caption\":\"Marque-pages \\\"Ribambelle d'\u00e9cureuils\\\"\"},{\"@type\":\"BreadcrumbList\",\"@id\":\"https:\/\/www.regardsdecyn.com\/produit\/marque-pages-ribambelle-decureuils\/#breadcrumb\",\"itemListElement\":[{\"@type\":\"ListItem\",\"position\":1,\"name\":\"Accueil\",\"item\":\"https:\/\/www.regardsdecyn.com\/\"},{\"@type\":\"ListItem\",\"position\":2,\"name\":\"Boutique\",\"item\":\"https:\/\/www.regardsdecyn.com\/boutique-papeterie-eco-responsable\/\"},{\"@type\":\"ListItem\",\"position\":3,\"name\":\"Marque-pages Ribambelle d&#8217;\u00e9cureuils\"}]},{\"@type\":\"WebSite\",\"@id\":\"https:\/\/www.regardsdecyn.com\/#website\",\"url\":\"https:\/\/www.regardsdecyn.com\/\",\"name\":\"Les Regards de Cyn\",\"description\":\"Illustrations nature et Papeterie cr\u00e9ative\",\"potentialAction\":[{\"@type\":\"SearchAction\",\"target\":{\"@type\":\"EntryPoint\",\"urlTemplate\":\"https:\/\/www.regardsdecyn.com\/?s={search_term_string}\"},\"query-input\":{\"@type\":\"PropertyValueSpecification\",\"valueRequired\":true,\"valueName\":\"search_term_string\"}}],\"inLanguage\":\"en-GB\"}]}<\/script>\n<!-- \/ Yoast SEO plugin. -->","yoast_head_json":{"title":"Marque-pages Ribambelle d'\u00e9cureuils - Les Regards de Cyn","description":"Marque-pages Ribambelle d'\u00e9cureuils, illustration po\u00e9tique \u00e0 l'aquarelle. 5,4 x 21 cm, id\u00e9al pour les livres grand format. Papier \u00e9pais 100% recycl\u00e9.","robots":{"index":"index","follow":"follow","max-snippet":"max-snippet:-1","max-image-preview":"max-image-preview:large","max-video-preview":"max-video-preview:-1"},"canonical":"https:\/\/www.regardsdecyn.com\/en\/product\/marque-pages-ribambelle-decureuils\/","og_locale":"en_GB","og_type":"article","og_title":"Marque-pages Ribambelle d'\u00e9cureuils - Les Regards de Cyn","og_description":"Marque-pages Ribambelle d'\u00e9cureuils, illustration po\u00e9tique \u00e0 l'aquarelle. 5,4 x 21 cm, id\u00e9al pour les livres grand format. Papier \u00e9pais 100% recycl\u00e9.","og_url":"https:\/\/www.regardsdecyn.com\/en\/product\/marque-pages-ribambelle-decureuils\/","og_site_name":"Les Regards de Cyn","article_modified_time":"2026-03-20T10:18:25+00:00","og_image":[{"width":1920,"height":2560,"url":"https:\/\/www.regardsdecyn.com\/wp-content\/uploads\/2023\/03\/IMG_20230831_115312-scaled.jpg","type":"image\/jpeg"}],"twitter_card":"summary_large_image","twitter_misc":{"Estimated reading time":"3 minutes"},"schema":{"@context":"https:\/\/schema.org","@graph":[{"@type":"WebPage","@id":"https:\/\/www.regardsdecyn.com\/produit\/marque-pages-ribambelle-decureuils\/","url":"https:\/\/www.regardsdecyn.com\/produit\/marque-pages-ribambelle-decureuils\/","name":"Marque-pages Ribambelle d'\u00e9cureuils - Les Regards de Cyn","isPartOf":{"@id":"https:\/\/www.regardsdecyn.com\/#website"},"primaryImageOfPage":{"@id":"https:\/\/www.regardsdecyn.com\/produit\/marque-pages-ribambelle-decureuils\/#primaryimage"},"image":{"@id":"https:\/\/www.regardsdecyn.com\/produit\/marque-pages-ribambelle-decureuils\/#primaryimage"},"thumbnailUrl":"https:\/\/www.regardsdecyn.com\/wp-content\/uploads\/2023\/03\/IMG_20230831_115312-scaled.jpg","datePublished":"2023-03-23T12:58:24+00:00","dateModified":"2026-03-20T10:18:25+00:00","description":"Marque-pages Ribambelle d'\u00e9cureuils, illustration po\u00e9tique \u00e0 l'aquarelle. 5,4 x 21 cm, id\u00e9al pour les livres grand format. Papier \u00e9pais 100% recycl\u00e9.","breadcrumb":{"@id":"https:\/\/www.regardsdecyn.com\/produit\/marque-pages-ribambelle-decureuils\/#breadcrumb"},"inLanguage":"en-GB","potentialAction":[{"@type":"ReadAction","target":["https:\/\/www.regardsdecyn.com\/produit\/marque-pages-ribambelle-decureuils\/"]}]},{"@type":"ImageObject","inLanguage":"en-GB","@id":"https:\/\/www.regardsdecyn.com\/produit\/marque-pages-ribambelle-decureuils\/#primaryimage","url":"https:\/\/www.regardsdecyn.com\/wp-content\/uploads\/2023\/03\/IMG_20230831_115312-scaled.jpg","contentUrl":"https:\/\/www.regardsdecyn.com\/wp-content\/uploads\/2023\/03\/IMG_20230831_115312-scaled.jpg","width":1920,"height":2560,"caption":"Marque-pages \"Ribambelle d'\u00e9cureuils\""},{"@type":"BreadcrumbList","@id":"https:\/\/www.regardsdecyn.com\/produit\/marque-pages-ribambelle-decureuils\/#breadcrumb","itemListElement":[{"@type":"ListItem","position":1,"name":"Accueil","item":"https:\/\/www.regardsdecyn.com\/"},{"@type":"ListItem","position":2,"name":"Boutique","item":"https:\/\/www.regardsdecyn.com\/boutique-papeterie-eco-responsable\/"},{"@type":"ListItem","position":3,"name":"Marque-pages Ribambelle d&#8217;\u00e9cureuils"}]},{"@type":"WebSite","@id":"https:\/\/www.regardsdecyn.com\/#website","url":"https:\/\/www.regardsdecyn.com\/","name":"Les Regards de Cyn","description":"Illustrations nature et Papeterie cr\u00e9ative","potentialAction":[{"@type":"SearchAction","target":{"@type":"EntryPoint","urlTemplate":"https:\/\/www.regardsdecyn.com\/?s={search_term_string}"},"query-input":{"@type":"PropertyValueSpecification","valueRequired":true,"valueName":"search_term_string"}}],"inLanguage":"en-GB"}]}},"jetpack_sharing_enabled":true,"_links":{"self":[{"href":"https:\/\/www.regardsdecyn.com\/en\/wp-json\/wp\/v2\/product\/2174","targetHints":{"allow":["GET"]}}],"collection":[{"href":"https:\/\/www.regardsdecyn.com\/en\/wp-json\/wp\/v2\/product"}],"about":[{"href":"https:\/\/www.regardsdecyn.com\/en\/wp-json\/wp\/v2\/types\/product"}],"replies":[{"embeddable":true,"href":"https:\/\/www.regardsdecyn.com\/en\/wp-json\/wp\/v2\/comments?post=2174"}],"version-history":[{"count":4,"href":"https:\/\/www.regardsdecyn.com\/en\/wp-json\/wp\/v2\/product\/2174\/revisions"}],"predecessor-version":[{"id":2947,"href":"https:\/\/www.regardsdecyn.com\/en\/wp-json\/wp\/v2\/product\/2174\/revisions\/2947"}],"wp:featuredmedia":[{"embeddable":true,"href":"https:\/\/www.regardsdecyn.com\/en\/wp-json\/wp\/v2\/media\/2415"}],"wp:attachment":[{"href":"https:\/\/www.regardsdecyn.com\/en\/wp-json\/wp\/v2\/media?parent=2174"}],"wp:term":[{"taxonomy":"product_cat","embeddable":true,"href":"https:\/\/www.regardsdecyn.com\/en\/wp-json\/wp\/v2\/product_cat?post=2174"},{"taxonomy":"product_tag","embeddable":true,"href":"https:\/\/www.regardsdecyn.com\/en\/wp-json\/wp\/v2\/product_tag?post=2174"}],"curies":[{"name":"wp","href":"https:\/\/api.w.org\/{rel}","templated":true}]}}