{"id":1946,"date":"2023-01-30T17:06:36","date_gmt":"2023-01-30T16:06:36","guid":{"rendered":"https:\/\/www.regardsdecyn.com\/?post_type=product&#038;p=1946"},"modified":"2026-03-20T11:37:41","modified_gmt":"2026-03-20T10:37:41","slug":"cartes-postales-animaux-totems","status":"publish","type":"product","link":"https:\/\/www.regardsdecyn.com\/en\/product\/cartes-postales-animaux-totems\/","title":{"rendered":"Cartes postales animaux Totems"},"content":{"rendered":"<h5>Cartes postales animaux Totems<\/h5>\n<p><span style=\"font-weight: 400;\">Format A5<\/span><\/p>\n<p><b>7 illustrations<\/b><span style=\"font-weight: 400;\"> diff\u00e9rentes disponibles : illustration au recto, texte au verso<\/span><\/p>\n<p>&nbsp;<\/p>\n<p><span style=\"font-weight: 400;\">J\u2019ai mis tr\u00e8s longtemps \u00e0 me rendre compte que j\u2019avais en moi une part de spiritualit\u00e9. Chez moi elle s\u2019exprime notamment par une grande sensibilit\u00e9 \u00e0 la nature, son observation et la restitution avec mes crayons de ce que je per\u00e7ois, de ce qu\u2019elle <\/span><b>m\u2019inspire<\/b><span style=\"font-weight: 400;\">. <\/span><\/p>\n<p><span style=\"font-weight: 400;\">Dans chaque traits de crayons je distille une minuscule parcelle de mon \u00e2me, de mes aspirations, de mes inspirations. Chaque trait distille aussi des <\/span><b>fragments de nature<\/b><span style=\"font-weight: 400;\">, pour embellir ta vie et ton quotidien.\u00a0<\/span><\/p>\n<p>&nbsp;<\/p>\n<h6><span style=\"font-weight: 400;\">Le projet <\/span><b>Totems<\/b><span style=\"font-weight: 400;\"> d\u00e9coule de cela.\u00a0<\/span><\/h6>\n<p><span style=\"font-weight: 400;\">Traditionnellement, un <\/span><b>animal totem<\/b><span style=\"font-weight: 400;\"> est attach\u00e9 \u00e0 un groupe ou un individu. Personnellement, je pense qu&#8217;au-del\u00e0 des affinit\u00e9s avec un animal en particulier, tous les animaux peuvent \u00eatre consid\u00e9r\u00e9s comme nos totems. Nous \u00e9voluons sans cesse et je crois que plusieurs de ces \u00eatres peuvent se pr\u00e9senter \u00e0 nous tout au long de notre vie.\u00a0<\/span><\/p>\n<p><span style=\"font-weight: 400;\">Chaque animal totem que j\u2019ai illustr\u00e9 est <\/span><b>le gardien<\/b><span style=\"font-weight: 400;\"> d\u2019un enseignement pour te guider et t&#8217;accompagner dans ton chemin de vie. A toi de <\/span><b>choisir <\/b>un<span style=\"font-weight: 400;\"> animal ou plusieurs, selon ton<\/span><b>\u00a0ressenti.<\/b><\/p>\n<p><span style=\"font-weight: 400;\">Personnellement, je consid\u00e8re avec la m\u00eame tendresse et la m\u00eame importance les 7 animaux que j\u2019ai choisi pour ce projet. Chaque Totems \u00e0 une <\/span><b>parole unique \u00e0 nous confier<\/b><span style=\"font-weight: 400;\">, et tous ensembles, ils peuvent nous apporter s\u00e9r\u00e9nit\u00e9 et s\u00e9curit\u00e9.\u00a0<\/span><\/p>\n<p><span style=\"font-weight: 400;\">Les enseignements qu\u2019ils d\u00e9livrent sont parfois \u00e0 prendre \u00e0 la lettre, mais ils sont d\u2019abord une <\/span><b>invitation \u00e0 s\u2019arr\u00eater<\/b><span style=\"font-weight: 400;\">. S\u2019arr\u00eater et r\u00e9fl\u00e9chir au sens que les choses ont profond\u00e9ment pour nous, afin de tout simplement mieux <\/span><b>se conna\u00eetre<\/b><span style=\"font-weight: 400;\">. Ces enseignements se trouvent au verso de chaque illustration.<\/span><\/p>\n<p>&nbsp;<\/p>\n<h6><b>Quels animaux disponibles ?<\/b><\/h6>\n<ul>\n<li style=\"font-weight: 400;\" aria-level=\"1\"><span style=\"font-weight: 400;\">la grenouille<\/span><\/li>\n<li style=\"font-weight: 400;\" aria-level=\"1\"><span style=\"font-weight: 400;\">le renard<\/span><\/li>\n<li style=\"font-weight: 400;\" aria-level=\"1\"><span style=\"font-weight: 400;\">le loup<\/span><\/li>\n<li style=\"font-weight: 400;\" aria-level=\"1\"><span style=\"font-weight: 400;\">l\u2019ours brun<\/span><\/li>\n<li style=\"font-weight: 400;\" aria-level=\"1\"><span style=\"font-weight: 400;\">la chouette effraie<\/span><\/li>\n<li style=\"font-weight: 400;\" aria-level=\"1\"><span style=\"font-weight: 400;\">l\u2019\u00e9cureuil<\/span><\/li>\n<li style=\"font-weight: 400;\" aria-level=\"1\"><span style=\"font-weight: 400;\">le corbeau<\/span><\/li>\n<\/ul>\n<p>&nbsp;<\/p>\n<p><span style=\"font-weight: 400;\">Ces cartes sont imprim\u00e9es sur du<\/span><b> papier 100% recycl\u00e9 <\/b><span style=\"font-weight: 400;\">dans une imprimerie locale et \u00e9coresponsable. Tu peux les afficher, les garder dans ton agenda ou encore pr\u00e8s de toi sur ton bureau. Ou encore les offrir \u00e0 une personne \u00e0 qui elles pourraient \u00eatre utiles.<\/span><\/p>\n<h6><\/h6>\n<h6><b>Le petit plus ?<\/b><\/h6>\n<ul>\n<li style=\"font-weight: 400;\" aria-level=\"1\"><span style=\"font-weight: 400;\">\u00e0 partir de 4<\/span><span style=\"font-weight: 400;\"> cartes achet\u00e9es, je t&#8217;<strong>offre<\/strong> une carte \u201cTotems\u201d ( double totem ours et chouette) d\u2019une valeur de 10 euros + un sticker Aequinoctium.<\/span><\/li>\n<\/ul>\n<p>&nbsp;<\/p>\n<h6>Les totems que tu as choisi viennent \u00e9clairer ton chemin<\/h6>\n<p>J&#8217;emballe chaque commande avec soin et amour. Et je l&#8217;accompagne d&#8217;un mot manuscrit personnalis\u00e9, \u00e9crit rien que pour toi.<\/p>\n<p>Tu es unique, ta commande se doit de l&#8217;\u00eatre aussi !<\/p>\n<p>Tes cartes seront envoy\u00e9es dans un \u00e9crin de papier bulle afin de les prot\u00e9ger durant leur voyage.<\/p>\n<p>&nbsp;<\/p>\n<p><strong>Ici, chaque objet achet\u00e9 participe \u00e0 la sauvegarde de la biodiversit\u00e9 : 1 euro du prix que tu paies est consacr\u00e9 \u00e0 un don que je ferai en fin d&#8217;ann\u00e9e \u00e0 une association \u0153uvrant pour le bien du vivant.\u00a0<\/strong><\/p>","protected":false},"excerpt":{"rendered":"<h6><b>Quels animaux disponibles ?<\/b><\/h6>\n<ul>\n<li style=\"font-weight: 400;\" aria-level=\"1\"><span style=\"font-weight: 400;\">la grenouille<\/span><\/li>\n<li style=\"font-weight: 400;\" aria-level=\"1\"><span style=\"font-weight: 400;\">le renard<\/span><\/li>\n<li style=\"font-weight: 400;\" aria-level=\"1\"><span style=\"font-weight: 400;\">le loup<\/span><\/li>\n<li style=\"font-weight: 400;\" aria-level=\"1\"><span style=\"font-weight: 400;\">l\u2019ours brun<\/span><\/li>\n<li style=\"font-weight: 400;\" aria-level=\"1\"><span style=\"font-weight: 400;\">la chouette effraie<\/span><\/li>\n<li style=\"font-weight: 400;\" aria-level=\"1\"><span style=\"font-weight: 400;\">l\u2019\u00e9cureuil<\/span><\/li>\n<li style=\"font-weight: 400;\" aria-level=\"1\"><span style=\"font-weight: 400;\">le corbeau<\/span><\/li>\n<\/ul>\n<p>&nbsp;<\/p>\n<p><span style=\"font-weight: 400;\">Ces cartes sont imprim\u00e9es sur du<\/span><b> papier 100% recycl\u00e9 <\/b><span style=\"font-weight: 400;\">dans une imprimerie locale et \u00e9coresponsable. Tu peux les afficher, les garder dans ton agenda ou encore pr\u00e8s de toi sur ton bureau. Ou encore les offrir \u00e0 une personne \u00e0 qui elles pourraient \u00eatre utiles.<\/span><\/p>\n<p>&nbsp;<\/p>\n<p><strong>Ici, chaque objet achet\u00e9 participe \u00e0 la sauvegarde de la biodiversit\u00e9 : 1 euro du prix que tu paies est consacr\u00e9 \u00e0 un don que je ferai en fin d&#8217;ann\u00e9e \u00e0 une association \u0153uvrant pour le bien du vivant.\u00a0<\/strong><\/p>\n<p>&nbsp;<\/p>\n<p>&nbsp;<\/p>\n<p>&nbsp;<\/p>","protected":false},"featured_media":1951,"comment_status":"open","ping_status":"closed","template":"","meta":{"site-sidebar-layout":"default","site-content-layout":"default","ast-site-content-layout":"default","site-content-style":"default","site-sidebar-style":"default","ast-global-header-display":"","ast-banner-title-visibility":"","ast-main-header-display":"","ast-hfb-above-header-display":"","ast-hfb-below-header-display":"","ast-hfb-mobile-header-display":"","site-post-title":"","ast-breadcrumbs-content":"","ast-featured-img":"","footer-sml-layout":"","theme-transparent-header-meta":"default","adv-header-id-meta":"","stick-header-meta":"","header-above-stick-meta":"","header-main-stick-meta":"","header-below-stick-meta":"","astra-migrate-meta-layouts":"set","ast-page-background-enabled":"default","ast-page-background-meta":{"desktop":{"background-color":"","background-image":"","background-repeat":"repeat","background-position":"center center","background-size":"auto","background-attachment":"scroll","background-type":"","background-media":"","overlay-type":"","overlay-color":"","overlay-opacity":"","overlay-gradient":""},"tablet":{"background-color":"","background-image":"","background-repeat":"repeat","background-position":"center center","background-size":"auto","background-attachment":"scroll","background-type":"","background-media":"","overlay-type":"","overlay-color":"","overlay-opacity":"","overlay-gradient":""},"mobile":{"background-color":"","background-image":"","background-repeat":"repeat","background-position":"center center","background-size":"auto","background-attachment":"scroll","background-type":"","background-media":"","overlay-type":"","overlay-color":"","overlay-opacity":"","overlay-gradient":""}},"ast-content-background-meta":{"desktop":{"background-color":"var(--ast-global-color-5)","background-image":"","background-repeat":"repeat","background-position":"center center","background-size":"auto","background-attachment":"scroll","background-type":"","background-media":"","overlay-type":"","overlay-color":"","overlay-opacity":"","overlay-gradient":""},"tablet":{"background-color":"var(--ast-global-color-5)","background-image":"","background-repeat":"repeat","background-position":"center center","background-size":"auto","background-attachment":"scroll","background-type":"","background-media":"","overlay-type":"","overlay-color":"","overlay-opacity":"","overlay-gradient":""},"mobile":{"background-color":"var(--ast-global-color-5)","background-image":"","background-repeat":"repeat","background-position":"center center","background-size":"auto","background-attachment":"scroll","background-type":"","background-media":"","overlay-type":"","overlay-color":"","overlay-opacity":"","overlay-gradient":""}}},"product_cat":[120],"product_tag":[77,149,119,98,55,86,75,148,147],"class_list":{"0":"post-1946","1":"product","2":"type-product","3":"status-publish","4":"has-post-thumbnail","6":"product_cat-cartes-postales-et-decoratives","7":"product_tag-animal-en-voie-de-disparition","8":"product_tag-animal-totem","9":"product_tag-cabinet-de-curiosite","10":"product_tag-chouette","11":"product_tag-dessin-oiseau","12":"product_tag-faune-et-flore","13":"product_tag-illustration-animal","14":"product_tag-totem","15":"product_tag-totems","16":"desktop-align-left","17":"tablet-align-left","18":"mobile-align-left","20":"first","21":"instock","22":"taxable","23":"shipping-taxable","24":"purchasable","25":"product-type-variable"},"yoast_head":"<!-- This site is optimized with the Yoast SEO plugin v23.9 - https:\/\/yoast.com\/wordpress\/plugins\/seo\/ -->\n<title>Cartes postales animaux Totems - Les Regards de Cyn<\/title>\n<meta name=\"description\" content=\"Cartes postales animaux Totems, A5. 7 animaux pour te guider dans ton chemin de vie. Fais entrer ces gardiens mystiques dans ta vie pour plus de douceur.\" \/>\n<meta name=\"robots\" content=\"index, follow, max-snippet:-1, max-image-preview:large, max-video-preview:-1\" \/>\n<link rel=\"canonical\" href=\"https:\/\/www.regardsdecyn.com\/en\/product\/cartes-postales-animaux-totems\/\" \/>\n<meta property=\"og:locale\" content=\"en_GB\" \/>\n<meta property=\"og:type\" content=\"article\" \/>\n<meta property=\"og:title\" content=\"Cartes postales animaux Totems - Les Regards de Cyn\" \/>\n<meta property=\"og:description\" content=\"Cartes postales animaux Totems, A5. 7 animaux pour te guider dans ton chemin de vie. Fais entrer ces gardiens mystiques dans ta vie pour plus de douceur.\" \/>\n<meta property=\"og:url\" content=\"https:\/\/www.regardsdecyn.com\/en\/product\/cartes-postales-animaux-totems\/\" \/>\n<meta property=\"og:site_name\" content=\"Les Regards de Cyn\" \/>\n<meta property=\"article:modified_time\" content=\"2026-03-20T10:37:41+00:00\" \/>\n<meta property=\"og:image\" content=\"https:\/\/www.regardsdecyn.com\/wp-content\/uploads\/2023\/01\/Totems_loup-2-scaled.jpg\" \/>\n\t<meta property=\"og:image:width\" content=\"2560\" \/>\n\t<meta property=\"og:image:height\" content=\"2181\" \/>\n\t<meta property=\"og:image:type\" content=\"image\/jpeg\" \/>\n<meta name=\"twitter:card\" content=\"summary_large_image\" \/>\n<meta name=\"twitter:label1\" content=\"Estimated reading time\" \/>\n\t<meta name=\"twitter:data1\" content=\"3 minutes\" \/>\n<script type=\"application\/ld+json\" class=\"yoast-schema-graph\">{\"@context\":\"https:\/\/schema.org\",\"@graph\":[{\"@type\":\"WebPage\",\"@id\":\"https:\/\/www.regardsdecyn.com\/produit\/cartes-postales-animaux-totems\/\",\"url\":\"https:\/\/www.regardsdecyn.com\/produit\/cartes-postales-animaux-totems\/\",\"name\":\"Cartes postales animaux Totems - Les Regards de Cyn\",\"isPartOf\":{\"@id\":\"https:\/\/www.regardsdecyn.com\/#website\"},\"primaryImageOfPage\":{\"@id\":\"https:\/\/www.regardsdecyn.com\/produit\/cartes-postales-animaux-totems\/#primaryimage\"},\"image\":{\"@id\":\"https:\/\/www.regardsdecyn.com\/produit\/cartes-postales-animaux-totems\/#primaryimage\"},\"thumbnailUrl\":\"https:\/\/www.regardsdecyn.com\/wp-content\/uploads\/2023\/01\/Totems_loup-2-scaled.jpg\",\"datePublished\":\"2023-01-30T16:06:36+00:00\",\"dateModified\":\"2026-03-20T10:37:41+00:00\",\"description\":\"Cartes postales animaux Totems, A5. 7 animaux pour te guider dans ton chemin de vie. Fais entrer ces gardiens mystiques dans ta vie pour plus de douceur.\",\"breadcrumb\":{\"@id\":\"https:\/\/www.regardsdecyn.com\/produit\/cartes-postales-animaux-totems\/#breadcrumb\"},\"inLanguage\":\"en-GB\",\"potentialAction\":[{\"@type\":\"ReadAction\",\"target\":[\"https:\/\/www.regardsdecyn.com\/produit\/cartes-postales-animaux-totems\/\"]}]},{\"@type\":\"ImageObject\",\"inLanguage\":\"en-GB\",\"@id\":\"https:\/\/www.regardsdecyn.com\/produit\/cartes-postales-animaux-totems\/#primaryimage\",\"url\":\"https:\/\/www.regardsdecyn.com\/wp-content\/uploads\/2023\/01\/Totems_loup-2-scaled.jpg\",\"contentUrl\":\"https:\/\/www.regardsdecyn.com\/wp-content\/uploads\/2023\/01\/Totems_loup-2-scaled.jpg\",\"width\":2560,\"height\":2181,\"caption\":\"Cartes postales animaux Totems _ loup\"},{\"@type\":\"BreadcrumbList\",\"@id\":\"https:\/\/www.regardsdecyn.com\/produit\/cartes-postales-animaux-totems\/#breadcrumb\",\"itemListElement\":[{\"@type\":\"ListItem\",\"position\":1,\"name\":\"Accueil\",\"item\":\"https:\/\/www.regardsdecyn.com\/\"},{\"@type\":\"ListItem\",\"position\":2,\"name\":\"Boutique\",\"item\":\"https:\/\/www.regardsdecyn.com\/boutique-papeterie-eco-responsable\/\"},{\"@type\":\"ListItem\",\"position\":3,\"name\":\"Cartes postales animaux Totems\"}]},{\"@type\":\"WebSite\",\"@id\":\"https:\/\/www.regardsdecyn.com\/#website\",\"url\":\"https:\/\/www.regardsdecyn.com\/\",\"name\":\"Les Regards de Cyn\",\"description\":\"Illustrations nature et Papeterie cr\u00e9ative\",\"potentialAction\":[{\"@type\":\"SearchAction\",\"target\":{\"@type\":\"EntryPoint\",\"urlTemplate\":\"https:\/\/www.regardsdecyn.com\/?s={search_term_string}\"},\"query-input\":{\"@type\":\"PropertyValueSpecification\",\"valueRequired\":true,\"valueName\":\"search_term_string\"}}],\"inLanguage\":\"en-GB\"}]}<\/script>\n<!-- \/ Yoast SEO plugin. -->","yoast_head_json":{"title":"Cartes postales animaux Totems - Les Regards de Cyn","description":"Cartes postales animaux Totems, A5. 7 animaux pour te guider dans ton chemin de vie. Fais entrer ces gardiens mystiques dans ta vie pour plus de douceur.","robots":{"index":"index","follow":"follow","max-snippet":"max-snippet:-1","max-image-preview":"max-image-preview:large","max-video-preview":"max-video-preview:-1"},"canonical":"https:\/\/www.regardsdecyn.com\/en\/product\/cartes-postales-animaux-totems\/","og_locale":"en_GB","og_type":"article","og_title":"Cartes postales animaux Totems - Les Regards de Cyn","og_description":"Cartes postales animaux Totems, A5. 7 animaux pour te guider dans ton chemin de vie. Fais entrer ces gardiens mystiques dans ta vie pour plus de douceur.","og_url":"https:\/\/www.regardsdecyn.com\/en\/product\/cartes-postales-animaux-totems\/","og_site_name":"Les Regards de Cyn","article_modified_time":"2026-03-20T10:37:41+00:00","og_image":[{"width":2560,"height":2181,"url":"https:\/\/www.regardsdecyn.com\/wp-content\/uploads\/2023\/01\/Totems_loup-2-scaled.jpg","type":"image\/jpeg"}],"twitter_card":"summary_large_image","twitter_misc":{"Estimated reading time":"3 minutes"},"schema":{"@context":"https:\/\/schema.org","@graph":[{"@type":"WebPage","@id":"https:\/\/www.regardsdecyn.com\/produit\/cartes-postales-animaux-totems\/","url":"https:\/\/www.regardsdecyn.com\/produit\/cartes-postales-animaux-totems\/","name":"Cartes postales animaux Totems - Les Regards de Cyn","isPartOf":{"@id":"https:\/\/www.regardsdecyn.com\/#website"},"primaryImageOfPage":{"@id":"https:\/\/www.regardsdecyn.com\/produit\/cartes-postales-animaux-totems\/#primaryimage"},"image":{"@id":"https:\/\/www.regardsdecyn.com\/produit\/cartes-postales-animaux-totems\/#primaryimage"},"thumbnailUrl":"https:\/\/www.regardsdecyn.com\/wp-content\/uploads\/2023\/01\/Totems_loup-2-scaled.jpg","datePublished":"2023-01-30T16:06:36+00:00","dateModified":"2026-03-20T10:37:41+00:00","description":"Cartes postales animaux Totems, A5. 7 animaux pour te guider dans ton chemin de vie. Fais entrer ces gardiens mystiques dans ta vie pour plus de douceur.","breadcrumb":{"@id":"https:\/\/www.regardsdecyn.com\/produit\/cartes-postales-animaux-totems\/#breadcrumb"},"inLanguage":"en-GB","potentialAction":[{"@type":"ReadAction","target":["https:\/\/www.regardsdecyn.com\/produit\/cartes-postales-animaux-totems\/"]}]},{"@type":"ImageObject","inLanguage":"en-GB","@id":"https:\/\/www.regardsdecyn.com\/produit\/cartes-postales-animaux-totems\/#primaryimage","url":"https:\/\/www.regardsdecyn.com\/wp-content\/uploads\/2023\/01\/Totems_loup-2-scaled.jpg","contentUrl":"https:\/\/www.regardsdecyn.com\/wp-content\/uploads\/2023\/01\/Totems_loup-2-scaled.jpg","width":2560,"height":2181,"caption":"Cartes postales animaux Totems _ loup"},{"@type":"BreadcrumbList","@id":"https:\/\/www.regardsdecyn.com\/produit\/cartes-postales-animaux-totems\/#breadcrumb","itemListElement":[{"@type":"ListItem","position":1,"name":"Accueil","item":"https:\/\/www.regardsdecyn.com\/"},{"@type":"ListItem","position":2,"name":"Boutique","item":"https:\/\/www.regardsdecyn.com\/boutique-papeterie-eco-responsable\/"},{"@type":"ListItem","position":3,"name":"Cartes postales animaux Totems"}]},{"@type":"WebSite","@id":"https:\/\/www.regardsdecyn.com\/#website","url":"https:\/\/www.regardsdecyn.com\/","name":"Les Regards de Cyn","description":"Illustrations nature et Papeterie cr\u00e9ative","potentialAction":[{"@type":"SearchAction","target":{"@type":"EntryPoint","urlTemplate":"https:\/\/www.regardsdecyn.com\/?s={search_term_string}"},"query-input":{"@type":"PropertyValueSpecification","valueRequired":true,"valueName":"search_term_string"}}],"inLanguage":"en-GB"}]}},"jetpack_sharing_enabled":true,"_links":{"self":[{"href":"https:\/\/www.regardsdecyn.com\/en\/wp-json\/wp\/v2\/product\/1946","targetHints":{"allow":["GET"]}}],"collection":[{"href":"https:\/\/www.regardsdecyn.com\/en\/wp-json\/wp\/v2\/product"}],"about":[{"href":"https:\/\/www.regardsdecyn.com\/en\/wp-json\/wp\/v2\/types\/product"}],"replies":[{"embeddable":true,"href":"https:\/\/www.regardsdecyn.com\/en\/wp-json\/wp\/v2\/comments?post=1946"}],"version-history":[{"count":12,"href":"https:\/\/www.regardsdecyn.com\/en\/wp-json\/wp\/v2\/product\/1946\/revisions"}],"predecessor-version":[{"id":2111,"href":"https:\/\/www.regardsdecyn.com\/en\/wp-json\/wp\/v2\/product\/1946\/revisions\/2111"}],"wp:featuredmedia":[{"embeddable":true,"href":"https:\/\/www.regardsdecyn.com\/en\/wp-json\/wp\/v2\/media\/1951"}],"wp:attachment":[{"href":"https:\/\/www.regardsdecyn.com\/en\/wp-json\/wp\/v2\/media?parent=1946"}],"wp:term":[{"taxonomy":"product_cat","embeddable":true,"href":"https:\/\/www.regardsdecyn.com\/en\/wp-json\/wp\/v2\/product_cat?post=1946"},{"taxonomy":"product_tag","embeddable":true,"href":"https:\/\/www.regardsdecyn.com\/en\/wp-json\/wp\/v2\/product_tag?post=1946"}],"curies":[{"name":"wp","href":"https:\/\/api.w.org\/{rel}","templated":true}]}}