{"id":1752,"date":"2022-06-16T15:48:58","date_gmt":"2022-06-16T13:48:58","guid":{"rendered":"https:\/\/www.regardsdecyn.com\/?post_type=product&#038;p=1752"},"modified":"2026-03-20T11:38:09","modified_gmt":"2026-03-20T10:38:09","slug":"planche-animaux-illustration-blaireau","status":"publish","type":"product","link":"https:\/\/www.regardsdecyn.com\/en\/product\/planche-animaux-illustration-blaireau\/","title":{"rendered":"Planche animaux illustration Blaireau"},"content":{"rendered":"<h5>Planche animaux illustration Blaireau<\/h5>\n<h5><span style=\"font-family: Liberation Serif, serif;\"><span style=\"font-size: medium;\"><span style=\"color: #000000;\">Format A4<\/span><\/span><\/span><\/h5>\n<p>&nbsp;<\/p>\n<p><span style=\"font-family: Liberation Serif, serif;\"><span style=\"font-size: medium;\"><span style=\"color: #000000;\">Le <strong>blaireau<\/strong> est un animal nocturne et<strong> joueur<\/strong>. Le savais-tu ? <\/span><\/span><\/span><span style=\"font-family: Liberation Serif, serif;\"><span style=\"font-size: medium;\"><span style=\"color: #000000;\">Et sais-tu comment <strong>rep\u00e9rer son passage<\/strong> dans la for\u00eat et aux abords des chemins ? Gr\u00e2ce \u00e0 ma s\u00e9rie de planche animaux tu vas d\u00e9couvrir le monde animal sous un nouvel angle !<\/span><\/span><\/span><\/p>\n<p>&nbsp;<\/p>\n<p><span style=\"font-family: Liberation Serif, serif;\"><span style=\"font-size: medium;\"><span style=\"color: #000000;\">Si cela t&#8217;int\u00e9resse, alors la <strong>Planche identification Blaireau<\/strong> que je propose ici est faite pour toi ! Les indices les plus faciles \u00e0 rep\u00e9rer et donc \u00e0 observer sont les empreintes et les d\u00e9jections que laissent les animaux. Avec cette Planche, tu pourras tenter une premi\u00e8re identification. <\/span><\/span><\/span><\/p>\n<p><span style=\"font-family: Liberation Serif, serif;\"><span style=\"font-size: medium;\"><span style=\"color: #000000;\">Elle est de plus une <strong>superbe d\u00e9coration<\/strong> rappelant les <strong>anciennes affiches. <\/strong>Elle ornera avec style ton bureau ou ton salon. Son esprit \u00ab Cabinet de curiosit\u00e9s \u00bb donnera une <strong>touche originale<\/strong> \u00e0 ton int\u00e9rieur !<\/span><\/span><\/span><\/p>\n<p>&nbsp;<\/p>\n<p><span style=\"font-family: Liberation Serif, serif;\"><span style=\"font-size: medium;\"><span style=\"color: #000000;\">La reproduction que je te propose d\u2019acqu\u00e9rir ici est au <strong>format A4<\/strong>, imprim\u00e9e sur papier <strong>100\u00a0% recycl\u00e9<\/strong> dans une imprimerie locale et <strong>\u00e9coresponsable<\/strong>. Comme pour tous les produits que je propose sur mon site, j&#8217;ai choisis le papier avec soin afin de te proposer un bel objet. <\/span><\/span><\/span><\/p>\n<p><span style=\"font-family: Liberation Serif, serif;\"><span style=\"font-size: medium;\"><span style=\"color: #000000;\">J\u2019ai r\u00e9alis\u00e9 l\u2019illustration originale au crayon de couleur blanc sur papier noir et elle fait parti d\u2019une s\u00e9rie de 6 planches. Cette s\u00e9rie comprend les planches suivantes\u00a0: <a href=\"https:\/\/www.regardsdecyn.com\/en\/product\/illustration-planche-identification-ecureuil\/\">\u00c9cureuil<\/a>, <a href=\"https:\/\/www.regardsdecyn.com\/en\/product\/illustration-planche-identification-herisson\/\">H\u00e9risson<\/a>, <a href=\"https:\/\/www.regardsdecyn.com\/en\/product\/illustration-planche-identification-sanglier\/\">Sanglier<\/a>,<a href=\"https:\/\/www.regardsdecyn.com\/en\/product\/illustration-planche-identification-putois\/\"> Putois<\/a>, <a href=\"https:\/\/www.regardsdecyn.com\/en\/product\/illustration-planche-identification-renard\/\">Renard<\/a>.\u00a0<\/span><\/span><\/span><\/p>\n<p>&nbsp;<\/p>\n<h6>Je chouchoute tes commandes !<\/h6>\n<p><span style=\"font-family: Liberation Serif, serif;\"><span style=\"font-size: medium;\"><span style=\"color: #000000;\">Chaque <strong>commande<\/strong> que tu passe ici est <strong>pr\u00e9par\u00e9e avec soin<\/strong> et t&#8217;est envoy\u00e9e dans une enveloppe doubl\u00e9e de papier bulle. Ce doux cocon permet \u00e0 tes achats de te parvenir dans les meilleures conditions possibles. <\/span><\/span><\/span><\/p>\n<p><span style=\"font-family: Liberation Serif, serif;\"><span style=\"font-size: medium;\"><span style=\"color: #000000;\">A l\u2019ouverture de ta commande, tu trouveras un petit <strong>mot \u00e9crit \u00e0 la main<\/strong> sp\u00e9cialement pour toi. Tu es unique, ta commande l&#8217;est aussi ! <\/span><\/span><\/span><\/p>\n<p><span style=\"font-family: Liberation Serif, serif;\"><span style=\"font-size: medium;\"><span style=\"color: #000000;\">Si toutefois tu souhaites que ce petit mot soit destin\u00e9 \u00e0 une personne particuli\u00e8re dans le but de faire un cadeau, n\u2019h\u00e9site pas \u00e0 me le pr\u00e9ciser lors de ton achat !<\/span><\/span><\/span><\/p>\n<p>&nbsp;<\/p>\n<p>Tu peux retrouver toutes mes illustrations et mes produits sur <a href=\"https:\/\/www.instagram.com\/regards_de_cyn_illustration\/\">instagram<\/a> et <a href=\"https:\/\/www.facebook.com\/LesRegardsDeCyn\">facebook<\/a>. Viens m&#8217;y faire un petit coucou !<\/p>\n<p>&nbsp;<\/p>\n<p><strong>Ici, chaque objet achet\u00e9 participe \u00e0 la sauvegarde de la biodiversit\u00e9 : 1 euro du prix que tu paies est consacr\u00e9 \u00e0 un don que je ferai en fin d&#8217;ann\u00e9e \u00e0 une association \u0153uvrant pour le bien du vivant.\u00a0<\/strong><\/p>","protected":false},"excerpt":{"rendered":"<h5>Planche animaux illustration Blaireau<\/h5>\n<h5><span style=\"font-family: Liberation Serif, serif;\"><span style=\"font-size: medium;\"><span style=\"color: #000000;\">Format A4<\/span><\/span><\/span><\/h5>\n<p>&nbsp;<\/p>\n<p><span style=\"font-family: Liberation Serif, serif;\"><span style=\"font-size: medium;\"><span style=\"color: #000000;\">Le <strong>blaireau<\/strong> est un animal nocturne et<strong> joueur<\/strong>. Le savais-tu ? Et sais-tu comment <strong>rep\u00e9rer son passage<\/strong> dans la for\u00eat et aux abords des chemins\u00a0?<\/span><\/span><\/span><\/p>\n<p><span style=\"font-family: Liberation Serif, serif;\"><span style=\"font-size: medium;\"><span style=\"color: #000000;\">Si cela t&#8217;int\u00e9resse, alors la <strong>Planche identification Blaireau<\/strong> que je propose ici est faite pour toi ! Les indices les plus faciles \u00e0 rep\u00e9rer et donc \u00e0 observer sont les empreintes et les d\u00e9jections que laissent les animaux. Avec cette Planche, tu pourras tenter une premi\u00e8re identification. <\/span><\/span><\/span><\/p>\n<p><span style=\"font-family: Liberation Serif, serif;\"><span style=\"font-size: medium;\"><span style=\"color: #000000;\">Elle est de plus une <strong>superbe d\u00e9coration<\/strong> rappelant les <strong>anciennes affiches. <\/strong>Elle ornera avec style ton bureau ou ton salon. Son esprit \u00ab Cabinet de curiosit\u00e9s \u00bb donnera une <strong>touche originale<\/strong> \u00e0 ton int\u00e9rieur !<\/span><\/span><\/span><\/p>\n<p>&nbsp;<\/p>\n<p><strong>Ici, chaque objet achet\u00e9 participe \u00e0 la sauvegarde de la biodiversit\u00e9 : 1 euro du prix que tu paies est consacr\u00e9 \u00e0 un don que je ferai en fin d&#8217;ann\u00e9e \u00e0 une association \u0153uvrant pour le bien du vivant.\u00a0<\/strong><\/p>","protected":false},"featured_media":1753,"comment_status":"open","ping_status":"closed","template":"","meta":{"site-sidebar-layout":"default","site-content-layout":"default","ast-site-content-layout":"default","site-content-style":"default","site-sidebar-style":"default","ast-global-header-display":"","ast-banner-title-visibility":"","ast-main-header-display":"","ast-hfb-above-header-display":"","ast-hfb-below-header-display":"","ast-hfb-mobile-header-display":"","site-post-title":"","ast-breadcrumbs-content":"","ast-featured-img":"","footer-sml-layout":"","theme-transparent-header-meta":"default","adv-header-id-meta":"","stick-header-meta":"","header-above-stick-meta":"","header-main-stick-meta":"","header-below-stick-meta":"","astra-migrate-meta-layouts":"set","ast-page-background-enabled":"default","ast-page-background-meta":{"desktop":{"background-color":"","background-image":"","background-repeat":"repeat","background-position":"center center","background-size":"auto","background-attachment":"scroll","background-type":"","background-media":"","overlay-type":"","overlay-color":"","overlay-opacity":"","overlay-gradient":""},"tablet":{"background-color":"","background-image":"","background-repeat":"repeat","background-position":"center center","background-size":"auto","background-attachment":"scroll","background-type":"","background-media":"","overlay-type":"","overlay-color":"","overlay-opacity":"","overlay-gradient":""},"mobile":{"background-color":"","background-image":"","background-repeat":"repeat","background-position":"center center","background-size":"auto","background-attachment":"scroll","background-type":"","background-media":"","overlay-type":"","overlay-color":"","overlay-opacity":"","overlay-gradient":""}},"ast-content-background-meta":{"desktop":{"background-color":"var(--ast-global-color-5)","background-image":"","background-repeat":"repeat","background-position":"center center","background-size":"auto","background-attachment":"scroll","background-type":"","background-media":"","overlay-type":"","overlay-color":"","overlay-opacity":"","overlay-gradient":""},"tablet":{"background-color":"var(--ast-global-color-5)","background-image":"","background-repeat":"repeat","background-position":"center center","background-size":"auto","background-attachment":"scroll","background-type":"","background-media":"","overlay-type":"","overlay-color":"","overlay-opacity":"","overlay-gradient":""},"mobile":{"background-color":"var(--ast-global-color-5)","background-image":"","background-repeat":"repeat","background-position":"center center","background-size":"auto","background-attachment":"scroll","background-type":"","background-media":"","overlay-type":"","overlay-color":"","overlay-opacity":"","overlay-gradient":""}}},"product_cat":[120],"product_tag":[],"class_list":{"0":"post-1752","1":"product","2":"type-product","3":"status-publish","4":"has-post-thumbnail","6":"product_cat-cartes-postales-et-decoratives","7":"desktop-align-left","8":"tablet-align-left","9":"mobile-align-left","11":"first","12":"instock","13":"taxable","14":"shipping-taxable","15":"purchasable","16":"product-type-simple"},"yoast_head":"<!-- This site is optimized with the Yoast SEO plugin v23.9 - https:\/\/yoast.com\/wordpress\/plugins\/seo\/ -->\n<title>Planche animaux illustration Blaireau - Les Regards de Cyn<\/title>\n<meta name=\"description\" content=\"Planche animaux illustration Blaireau au Format A4 et papier 100% recycl\u00e9. D\u00e9core ton salon avec un morceau de nature et surtout avec style !\" \/>\n<meta name=\"robots\" content=\"index, follow, max-snippet:-1, max-image-preview:large, max-video-preview:-1\" \/>\n<link rel=\"canonical\" href=\"https:\/\/www.regardsdecyn.com\/en\/product\/planche-animaux-illustration-blaireau\/\" \/>\n<meta property=\"og:locale\" content=\"en_GB\" \/>\n<meta property=\"og:type\" content=\"article\" \/>\n<meta property=\"og:title\" content=\"Planche animaux illustration Blaireau - Les Regards de Cyn\" \/>\n<meta property=\"og:description\" content=\"Planche animaux illustration Blaireau au Format A4 et papier 100% recycl\u00e9. D\u00e9core ton salon avec un morceau de nature et surtout avec style !\" \/>\n<meta property=\"og:url\" content=\"https:\/\/www.regardsdecyn.com\/en\/product\/planche-animaux-illustration-blaireau\/\" \/>\n<meta property=\"og:site_name\" content=\"Les Regards de Cyn\" \/>\n<meta property=\"article:modified_time\" content=\"2026-03-20T10:38:09+00:00\" \/>\n<meta property=\"og:image\" content=\"https:\/\/www.regardsdecyn.com\/wp-content\/uploads\/2022\/06\/IMG_20220615_143154-scaled.jpg\" \/>\n\t<meta property=\"og:image:width\" content=\"2560\" \/>\n\t<meta property=\"og:image:height\" content=\"1922\" \/>\n\t<meta property=\"og:image:type\" content=\"image\/jpeg\" \/>\n<meta name=\"twitter:card\" content=\"summary_large_image\" \/>\n<meta name=\"twitter:label1\" content=\"Estimated reading time\" \/>\n\t<meta name=\"twitter:data1\" content=\"3 minutes\" \/>\n<script type=\"application\/ld+json\" class=\"yoast-schema-graph\">{\"@context\":\"https:\/\/schema.org\",\"@graph\":[{\"@type\":\"WebPage\",\"@id\":\"https:\/\/www.regardsdecyn.com\/produit\/planche-animaux-illustration-blaireau\/\",\"url\":\"https:\/\/www.regardsdecyn.com\/produit\/planche-animaux-illustration-blaireau\/\",\"name\":\"Planche animaux illustration Blaireau - Les Regards de Cyn\",\"isPartOf\":{\"@id\":\"https:\/\/www.regardsdecyn.com\/#website\"},\"primaryImageOfPage\":{\"@id\":\"https:\/\/www.regardsdecyn.com\/produit\/planche-animaux-illustration-blaireau\/#primaryimage\"},\"image\":{\"@id\":\"https:\/\/www.regardsdecyn.com\/produit\/planche-animaux-illustration-blaireau\/#primaryimage\"},\"thumbnailUrl\":\"https:\/\/www.regardsdecyn.com\/wp-content\/uploads\/2022\/06\/IMG_20220615_143154-scaled.jpg\",\"datePublished\":\"2022-06-16T13:48:58+00:00\",\"dateModified\":\"2026-03-20T10:38:09+00:00\",\"description\":\"Planche animaux illustration Blaireau au Format A4 et papier 100% recycl\u00e9. D\u00e9core ton salon avec un morceau de nature et surtout avec style !\",\"breadcrumb\":{\"@id\":\"https:\/\/www.regardsdecyn.com\/produit\/planche-animaux-illustration-blaireau\/#breadcrumb\"},\"inLanguage\":\"en-GB\",\"potentialAction\":[{\"@type\":\"ReadAction\",\"target\":[\"https:\/\/www.regardsdecyn.com\/produit\/planche-animaux-illustration-blaireau\/\"]}]},{\"@type\":\"ImageObject\",\"inLanguage\":\"en-GB\",\"@id\":\"https:\/\/www.regardsdecyn.com\/produit\/planche-animaux-illustration-blaireau\/#primaryimage\",\"url\":\"https:\/\/www.regardsdecyn.com\/wp-content\/uploads\/2022\/06\/IMG_20220615_143154-scaled.jpg\",\"contentUrl\":\"https:\/\/www.regardsdecyn.com\/wp-content\/uploads\/2022\/06\/IMG_20220615_143154-scaled.jpg\",\"width\":2560,\"height\":1922,\"caption\":\"Planche animaux blaireau\"},{\"@type\":\"BreadcrumbList\",\"@id\":\"https:\/\/www.regardsdecyn.com\/produit\/planche-animaux-illustration-blaireau\/#breadcrumb\",\"itemListElement\":[{\"@type\":\"ListItem\",\"position\":1,\"name\":\"Accueil\",\"item\":\"https:\/\/www.regardsdecyn.com\/\"},{\"@type\":\"ListItem\",\"position\":2,\"name\":\"Boutique\",\"item\":\"https:\/\/www.regardsdecyn.com\/boutique-papeterie-eco-responsable\/\"},{\"@type\":\"ListItem\",\"position\":3,\"name\":\"Planche animaux illustration Blaireau\"}]},{\"@type\":\"WebSite\",\"@id\":\"https:\/\/www.regardsdecyn.com\/#website\",\"url\":\"https:\/\/www.regardsdecyn.com\/\",\"name\":\"Les Regards de Cyn\",\"description\":\"Illustrations nature et Papeterie cr\u00e9ative\",\"potentialAction\":[{\"@type\":\"SearchAction\",\"target\":{\"@type\":\"EntryPoint\",\"urlTemplate\":\"https:\/\/www.regardsdecyn.com\/?s={search_term_string}\"},\"query-input\":{\"@type\":\"PropertyValueSpecification\",\"valueRequired\":true,\"valueName\":\"search_term_string\"}}],\"inLanguage\":\"en-GB\"}]}<\/script>\n<!-- \/ Yoast SEO plugin. -->","yoast_head_json":{"title":"Planche animaux illustration Blaireau - Les Regards de Cyn","description":"Planche animaux illustration Blaireau au Format A4 et papier 100% recycl\u00e9. D\u00e9core ton salon avec un morceau de nature et surtout avec style !","robots":{"index":"index","follow":"follow","max-snippet":"max-snippet:-1","max-image-preview":"max-image-preview:large","max-video-preview":"max-video-preview:-1"},"canonical":"https:\/\/www.regardsdecyn.com\/en\/product\/planche-animaux-illustration-blaireau\/","og_locale":"en_GB","og_type":"article","og_title":"Planche animaux illustration Blaireau - Les Regards de Cyn","og_description":"Planche animaux illustration Blaireau au Format A4 et papier 100% recycl\u00e9. D\u00e9core ton salon avec un morceau de nature et surtout avec style !","og_url":"https:\/\/www.regardsdecyn.com\/en\/product\/planche-animaux-illustration-blaireau\/","og_site_name":"Les Regards de Cyn","article_modified_time":"2026-03-20T10:38:09+00:00","og_image":[{"width":2560,"height":1922,"url":"https:\/\/www.regardsdecyn.com\/wp-content\/uploads\/2022\/06\/IMG_20220615_143154-scaled.jpg","type":"image\/jpeg"}],"twitter_card":"summary_large_image","twitter_misc":{"Estimated reading time":"3 minutes"},"schema":{"@context":"https:\/\/schema.org","@graph":[{"@type":"WebPage","@id":"https:\/\/www.regardsdecyn.com\/produit\/planche-animaux-illustration-blaireau\/","url":"https:\/\/www.regardsdecyn.com\/produit\/planche-animaux-illustration-blaireau\/","name":"Planche animaux illustration Blaireau - Les Regards de Cyn","isPartOf":{"@id":"https:\/\/www.regardsdecyn.com\/#website"},"primaryImageOfPage":{"@id":"https:\/\/www.regardsdecyn.com\/produit\/planche-animaux-illustration-blaireau\/#primaryimage"},"image":{"@id":"https:\/\/www.regardsdecyn.com\/produit\/planche-animaux-illustration-blaireau\/#primaryimage"},"thumbnailUrl":"https:\/\/www.regardsdecyn.com\/wp-content\/uploads\/2022\/06\/IMG_20220615_143154-scaled.jpg","datePublished":"2022-06-16T13:48:58+00:00","dateModified":"2026-03-20T10:38:09+00:00","description":"Planche animaux illustration Blaireau au Format A4 et papier 100% recycl\u00e9. D\u00e9core ton salon avec un morceau de nature et surtout avec style !","breadcrumb":{"@id":"https:\/\/www.regardsdecyn.com\/produit\/planche-animaux-illustration-blaireau\/#breadcrumb"},"inLanguage":"en-GB","potentialAction":[{"@type":"ReadAction","target":["https:\/\/www.regardsdecyn.com\/produit\/planche-animaux-illustration-blaireau\/"]}]},{"@type":"ImageObject","inLanguage":"en-GB","@id":"https:\/\/www.regardsdecyn.com\/produit\/planche-animaux-illustration-blaireau\/#primaryimage","url":"https:\/\/www.regardsdecyn.com\/wp-content\/uploads\/2022\/06\/IMG_20220615_143154-scaled.jpg","contentUrl":"https:\/\/www.regardsdecyn.com\/wp-content\/uploads\/2022\/06\/IMG_20220615_143154-scaled.jpg","width":2560,"height":1922,"caption":"Planche animaux blaireau"},{"@type":"BreadcrumbList","@id":"https:\/\/www.regardsdecyn.com\/produit\/planche-animaux-illustration-blaireau\/#breadcrumb","itemListElement":[{"@type":"ListItem","position":1,"name":"Accueil","item":"https:\/\/www.regardsdecyn.com\/"},{"@type":"ListItem","position":2,"name":"Boutique","item":"https:\/\/www.regardsdecyn.com\/boutique-papeterie-eco-responsable\/"},{"@type":"ListItem","position":3,"name":"Planche animaux illustration Blaireau"}]},{"@type":"WebSite","@id":"https:\/\/www.regardsdecyn.com\/#website","url":"https:\/\/www.regardsdecyn.com\/","name":"Les Regards de Cyn","description":"Illustrations nature et Papeterie cr\u00e9ative","potentialAction":[{"@type":"SearchAction","target":{"@type":"EntryPoint","urlTemplate":"https:\/\/www.regardsdecyn.com\/?s={search_term_string}"},"query-input":{"@type":"PropertyValueSpecification","valueRequired":true,"valueName":"search_term_string"}}],"inLanguage":"en-GB"}]}},"jetpack_sharing_enabled":true,"_links":{"self":[{"href":"https:\/\/www.regardsdecyn.com\/en\/wp-json\/wp\/v2\/product\/1752","targetHints":{"allow":["GET"]}}],"collection":[{"href":"https:\/\/www.regardsdecyn.com\/en\/wp-json\/wp\/v2\/product"}],"about":[{"href":"https:\/\/www.regardsdecyn.com\/en\/wp-json\/wp\/v2\/types\/product"}],"replies":[{"embeddable":true,"href":"https:\/\/www.regardsdecyn.com\/en\/wp-json\/wp\/v2\/comments?post=1752"}],"version-history":[{"count":5,"href":"https:\/\/www.regardsdecyn.com\/en\/wp-json\/wp\/v2\/product\/1752\/revisions"}],"predecessor-version":[{"id":2952,"href":"https:\/\/www.regardsdecyn.com\/en\/wp-json\/wp\/v2\/product\/1752\/revisions\/2952"}],"wp:featuredmedia":[{"embeddable":true,"href":"https:\/\/www.regardsdecyn.com\/en\/wp-json\/wp\/v2\/media\/1753"}],"wp:attachment":[{"href":"https:\/\/www.regardsdecyn.com\/en\/wp-json\/wp\/v2\/media?parent=1752"}],"wp:term":[{"taxonomy":"product_cat","embeddable":true,"href":"https:\/\/www.regardsdecyn.com\/en\/wp-json\/wp\/v2\/product_cat?post=1752"},{"taxonomy":"product_tag","embeddable":true,"href":"https:\/\/www.regardsdecyn.com\/en\/wp-json\/wp\/v2\/product_tag?post=1752"}],"curies":[{"name":"wp","href":"https:\/\/api.w.org\/{rel}","templated":true}]}}