{"id":1580,"date":"2022-02-13T17:15:50","date_gmt":"2022-02-13T16:15:50","guid":{"rendered":"https:\/\/www.regardsdecyn.com\/?post_type=product&#038;p=1580"},"modified":"2026-03-20T11:38:54","modified_gmt":"2026-03-20T10:38:54","slug":"illustration-planche-identification-ecureuil","status":"publish","type":"product","link":"https:\/\/www.regardsdecyn.com\/en\/product\/illustration-planche-identification-ecureuil\/","title":{"rendered":"Planche animaux illustration Ecureuil"},"content":{"rendered":"<h5>Planche animaux illustration Ecureuil<\/h5>\n<h5><strong>format A4<\/strong><\/h5>\n<p>&nbsp;<\/p>\n<p>Cette belle illustration atypique m&#8217;a \u00e9t\u00e9 inspir\u00e9e par les anciennes grandes affiches que l&#8217;on trouvait dans les \u00e9coles. Elle repr\u00e9sente avec d\u00e9licatesse l&#8217;univers des <strong>cabinets de curiosit\u00e9s <\/strong>que j&#8217;appr\u00e9cie \u00e9norm\u00e9ment.<\/p>\n<p>&nbsp;<\/p>\n<p>Cette <b>planche animaux illustration \u00e9cureuil<\/b> est id\u00e9ale si vous voulez en savoir plus sur eux ! d J&#8217;y ai mis des informations concr\u00e8tes, simples et faciles \u00e0 retenir qui pourront vous aider \u00e0 remarquer la pr\u00e9sence de ses adorables animaux autour de vous.<\/p>\n<p>Mais elle est \u00e9galement une belle mani\u00e8re de <strong>d\u00e9corer votre int\u00e9rieur<\/strong> avec un esprit cabinet de curiosit\u00e9 et vieille affiche. La <strong>planche \u00e9cureuil<\/strong> est un vrai cam\u00e9l\u00e9on et se plaira dans divers environnements : salon, bureau, chambre&#8230;\u00a0 Elle est id\u00e9ale pour donner une touche d&#8217;<strong>originalit\u00e9<\/strong> \u00e0 votre int\u00e9rieur. Si tu es un.e <strong>amoureux.se des animaux<\/strong> tu vas l&#8217;adorer !<\/p>\n<p>Elle peut aussi trouver sa place dans une chambre d\u2019enfant et lui servir d\u2019<strong>introduction \u00e0 la biodiversit\u00e9<\/strong>. Il n\u2019est jamais trop t\u00f4t pour apprendre !<\/p>\n<p>&nbsp;<\/p>\n<p>Elle se placera id\u00e9alement au mur, telle quelle ou dans un cadre.<\/p>\n<p>Cette premi\u00e8re planche fait partie d&#8217;une <strong>s\u00e9rie de six<\/strong> que tu peux trouver ici, sur ma boutique : <a href=\"https:\/\/www.regardsdecyn.com\/en\/product\/planche-animaux-illustration-blaireau\/\">blaireau<\/a>, <a href=\"https:\/\/www.regardsdecyn.com\/en\/product\/illustration-planche-identification-sanglier\/\">sanglier<\/a>, <a href=\"https:\/\/www.regardsdecyn.com\/en\/product\/illustration-planche-identification-herisson\/\">h\u00e9risson<\/a>, <a href=\"https:\/\/www.regardsdecyn.com\/en\/product\/illustration-planche-identification-putois\/\">putois<\/a> et <a href=\"https:\/\/www.regardsdecyn.com\/en\/product\/illustration-planche-identification-renard\/\">renard<\/a> n&#8217;auront plus de secrets pour toi !<\/p>\n<p>&nbsp;<\/p>\n<p>Si j\u2019aime la faune et la flore, je veux \u00e9galement contribuer \u00e0 mon \u00e9chelle \u00e0 sa pr\u00e9servation. C\u2019est pourquoi cette planche est imprim\u00e9e sur un <strong>papier 100% recycl\u00e9<\/strong>. Je l\u2019ai \u00e9galement voulu d\u2019une \u00e9paisseur suffisante pour qu\u2019elle dure dans le temps. Le tout fait dans une imprimerie de proximit\u00e9<strong> \u00e9co-responsable.<\/strong><\/p>\n<p>&nbsp;<\/p>\n<h6>Ta planche animaux \u00e9cureuil s&#8217;envole jusque chez toi<\/h6>\n<p>Je pr\u00e9pare chaque commande pass\u00e9e sur ma boutique avec le plus grand soin. Ta planche sera envoy\u00e9e bien emball\u00e9e dans une couverture douillette de papier bulle afin d\u2019arriver chez toi sans encombres. Je l&#8217;accompagnerai d\u2019un <strong>petit mot <\/strong>\u00e9crit rien que pour toi, ou pour la personne de ton choix si tu souhaite l&#8217;offrir. Pense \u00e0 me le notifier lorsque tu passer commande !<\/p>\n<p>&nbsp;<\/p>\n<p><strong>Adopteras-tu ce petit \u00e9cureuil ?<\/strong><\/p>\n<p>&nbsp;<\/p>\n<p><strong>Ici, chaque objet achet\u00e9 participe \u00e0 la sauvegarde de la biodiversit\u00e9 : 1 euro du prix que tu paies est consacr\u00e9 \u00e0 un don que je ferai en fin d&#8217;ann\u00e9e \u00e0 une association \u0153uvrant pour le bien du vivant.\u00a0<\/strong><\/p>","protected":false},"excerpt":{"rendered":"<h5>Planche animaux illustration Ecureuil<\/h5>\n<h5><strong>format A4<\/strong><\/h5>\n<p>&nbsp;<\/p>\n<p>Cette belle illustration atypique m&#8217;a \u00e9t\u00e9 inspir\u00e9e par les anciennes grandes affiches que l&#8217;on trouvait dans les \u00e9coles. Elle repr\u00e9sente avec d\u00e9licatesse l&#8217;univers des <strong>cabinets de curiosit\u00e9s <\/strong>que j&#8217;appr\u00e9cie \u00e9norm\u00e9ment.\u00a0Car transmettre la <strong>beaut\u00e9<\/strong> de la nature et des \u00eatres qui la peuplent, c\u2019est ce que j\u2019essaie de faire au travers de chaque illustration.<\/p>\n<p>&nbsp;<\/p>\n<p>Cette <b>planche animaux illustration \u00e9cureuil<\/b> est id\u00e9ale si vous voulez en savoir plus sur eux ! d J&#8217;y ai mis des informations concr\u00e8tes, simples et faciles \u00e0 retenir qui pourront vous aider \u00e0 remarquer la pr\u00e9sence de ses adorables animaux autour de vous.<\/p>\n<p>Mais elle est \u00e9galement une belle mani\u00e8re de <strong>d\u00e9corer votre int\u00e9rieur<\/strong> avec un esprit cabinet de curiosit\u00e9 et vieille affiche. La <strong>planche \u00e9cureuil<\/strong> est un vrai cam\u00e9l\u00e9on et se plaira dans divers environnements : salon, bureau, chambre&#8230;\u00a0 Elle est id\u00e9ale pour donner une touche d&#8217;<strong>originalit\u00e9<\/strong> \u00e0 votre int\u00e9rieur. Si tu es un.e <strong>amoureux.se des animaux<\/strong> tu vas l&#8217;adorer !<\/p>\n<p>Elle peut aussi trouver sa place dans une chambre d\u2019enfant et lui servir d\u2019<strong>introduction \u00e0 la biodiversit\u00e9<\/strong>. Il n\u2019est jamais trop t\u00f4t pour apprendre !<\/p>\n<p>&nbsp;<\/p>\n<p>Elle se placera id\u00e9alement au mur, telle quelle ou dans un cadre.<\/p>\n<p>Cette premi\u00e8re planche fait partie d&#8217;une <strong>s\u00e9rie de six<\/strong> que tu peux trouver ici, sur ma boutique : <a href=\"https:\/\/www.regardsdecyn.com\/en\/product\/planche-animaux-illustration-blaireau\/\">blaireau<\/a>, <a href=\"https:\/\/www.regardsdecyn.com\/en\/product\/illustration-planche-identification-sanglier\/\">sanglier<\/a>, <a href=\"https:\/\/www.regardsdecyn.com\/en\/product\/illustration-planche-identification-herisson\/\">h\u00e9risson<\/a>, <a href=\"https:\/\/www.regardsdecyn.com\/en\/product\/illustration-planche-identification-putois\/\">putois<\/a> et <a href=\"https:\/\/www.regardsdecyn.com\/en\/product\/illustration-planche-identification-renard\/\">renard<\/a> n&#8217;auront plus de secrets pour toi !<\/p>\n<p>&nbsp;<\/p>\n<p><strong>Ici, chaque objet achet\u00e9 participe \u00e0 la sauvegarde de la biodiversit\u00e9 : 1 euro du prix que tu paies est consacr\u00e9 \u00e0 un don que je ferai en fin d&#8217;ann\u00e9e \u00e0 une association \u0153uvrant pour le bien du vivant.\u00a0<\/strong><\/p>","protected":false},"featured_media":1799,"comment_status":"open","ping_status":"closed","template":"","meta":{"site-sidebar-layout":"default","site-content-layout":"default","ast-site-content-layout":"default","site-content-style":"default","site-sidebar-style":"default","ast-global-header-display":"","ast-banner-title-visibility":"","ast-main-header-display":"","ast-hfb-above-header-display":"","ast-hfb-below-header-display":"","ast-hfb-mobile-header-display":"","site-post-title":"","ast-breadcrumbs-content":"","ast-featured-img":"","footer-sml-layout":"","theme-transparent-header-meta":"default","adv-header-id-meta":"","stick-header-meta":"","header-above-stick-meta":"","header-main-stick-meta":"","header-below-stick-meta":"","astra-migrate-meta-layouts":"set","ast-page-background-enabled":"default","ast-page-background-meta":{"desktop":{"background-color":"","background-image":"","background-repeat":"repeat","background-position":"center center","background-size":"auto","background-attachment":"scroll","background-type":"","background-media":"","overlay-type":"","overlay-color":"","overlay-opacity":"","overlay-gradient":""},"tablet":{"background-color":"","background-image":"","background-repeat":"repeat","background-position":"center center","background-size":"auto","background-attachment":"scroll","background-type":"","background-media":"","overlay-type":"","overlay-color":"","overlay-opacity":"","overlay-gradient":""},"mobile":{"background-color":"","background-image":"","background-repeat":"repeat","background-position":"center center","background-size":"auto","background-attachment":"scroll","background-type":"","background-media":"","overlay-type":"","overlay-color":"","overlay-opacity":"","overlay-gradient":""}},"ast-content-background-meta":{"desktop":{"background-color":"var(--ast-global-color-5)","background-image":"","background-repeat":"repeat","background-position":"center center","background-size":"auto","background-attachment":"scroll","background-type":"","background-media":"","overlay-type":"","overlay-color":"","overlay-opacity":"","overlay-gradient":""},"tablet":{"background-color":"var(--ast-global-color-5)","background-image":"","background-repeat":"repeat","background-position":"center center","background-size":"auto","background-attachment":"scroll","background-type":"","background-media":"","overlay-type":"","overlay-color":"","overlay-opacity":"","overlay-gradient":""},"mobile":{"background-color":"var(--ast-global-color-5)","background-image":"","background-repeat":"repeat","background-position":"center center","background-size":"auto","background-attachment":"scroll","background-type":"","background-media":"","overlay-type":"","overlay-color":"","overlay-opacity":"","overlay-gradient":""}}},"product_cat":[120],"product_tag":[119,83,86,69,75,92],"class_list":{"0":"post-1580","1":"product","2":"type-product","3":"status-publish","4":"has-post-thumbnail","6":"product_cat-cartes-postales-et-decoratives","7":"product_tag-cabinet-de-curiosite","8":"product_tag-ecureuil","9":"product_tag-faune-et-flore","10":"product_tag-illustration","11":"product_tag-illustration-animal","12":"product_tag-papetrie","13":"desktop-align-left","14":"tablet-align-left","15":"mobile-align-left","17":"first","18":"instock","19":"taxable","20":"shipping-taxable","21":"purchasable","22":"product-type-simple"},"yoast_head":"<!-- This site is optimized with the Yoast SEO plugin v23.9 - https:\/\/yoast.com\/wordpress\/plugins\/seo\/ -->\n<title>Planche animaux illustration Ecureuil - Les Regards de Cyn<\/title>\n<meta name=\"description\" content=\"Planche animaux illustration \u00e9cureuil sur format A4 et papier 100% recycl\u00e9. D\u00e9core ta maison avec un morceau de nature et un esprit cabinet de curiosit\u00e9 !\" \/>\n<meta name=\"robots\" content=\"index, follow, max-snippet:-1, max-image-preview:large, max-video-preview:-1\" \/>\n<link rel=\"canonical\" href=\"https:\/\/www.regardsdecyn.com\/en\/product\/illustration-planche-identification-ecureuil\/\" \/>\n<meta property=\"og:locale\" content=\"en_GB\" \/>\n<meta property=\"og:type\" content=\"article\" \/>\n<meta property=\"og:title\" content=\"Planche animaux illustration Ecureuil - Les Regards de Cyn\" \/>\n<meta property=\"og:description\" content=\"Planche animaux illustration \u00e9cureuil sur format A4 et papier 100% recycl\u00e9. D\u00e9core ta maison avec un morceau de nature et un esprit cabinet de curiosit\u00e9 !\" \/>\n<meta property=\"og:url\" content=\"https:\/\/www.regardsdecyn.com\/en\/product\/illustration-planche-identification-ecureuil\/\" \/>\n<meta property=\"og:site_name\" content=\"Les Regards de Cyn\" \/>\n<meta property=\"article:modified_time\" content=\"2026-03-20T10:38:54+00:00\" \/>\n<meta property=\"og:image\" content=\"https:\/\/www.regardsdecyn.com\/wp-content\/uploads\/2022\/06\/Mockup_planche_ecureuil-2-scaled.jpg\" \/>\n\t<meta property=\"og:image:width\" content=\"1758\" \/>\n\t<meta property=\"og:image:height\" content=\"2560\" \/>\n\t<meta property=\"og:image:type\" content=\"image\/jpeg\" \/>\n<meta name=\"twitter:card\" content=\"summary_large_image\" \/>\n<meta name=\"twitter:label1\" content=\"Estimated reading time\" \/>\n\t<meta name=\"twitter:data1\" content=\"3 minutes\" \/>\n<script type=\"application\/ld+json\" class=\"yoast-schema-graph\">{\"@context\":\"https:\/\/schema.org\",\"@graph\":[{\"@type\":\"WebPage\",\"@id\":\"https:\/\/www.regardsdecyn.com\/produit\/illustration-planche-identification-ecureuil\/\",\"url\":\"https:\/\/www.regardsdecyn.com\/produit\/illustration-planche-identification-ecureuil\/\",\"name\":\"Planche animaux illustration Ecureuil - Les Regards de Cyn\",\"isPartOf\":{\"@id\":\"https:\/\/www.regardsdecyn.com\/#website\"},\"primaryImageOfPage\":{\"@id\":\"https:\/\/www.regardsdecyn.com\/produit\/illustration-planche-identification-ecureuil\/#primaryimage\"},\"image\":{\"@id\":\"https:\/\/www.regardsdecyn.com\/produit\/illustration-planche-identification-ecureuil\/#primaryimage\"},\"thumbnailUrl\":\"https:\/\/www.regardsdecyn.com\/wp-content\/uploads\/2022\/06\/Mockup_planche_ecureuil-2-scaled.jpg\",\"datePublished\":\"2022-02-13T16:15:50+00:00\",\"dateModified\":\"2026-03-20T10:38:54+00:00\",\"description\":\"Planche animaux illustration \u00e9cureuil sur format A4 et papier 100% recycl\u00e9. D\u00e9core ta maison avec un morceau de nature et un esprit cabinet de curiosit\u00e9 !\",\"breadcrumb\":{\"@id\":\"https:\/\/www.regardsdecyn.com\/produit\/illustration-planche-identification-ecureuil\/#breadcrumb\"},\"inLanguage\":\"en-GB\",\"potentialAction\":[{\"@type\":\"ReadAction\",\"target\":[\"https:\/\/www.regardsdecyn.com\/produit\/illustration-planche-identification-ecureuil\/\"]}]},{\"@type\":\"ImageObject\",\"inLanguage\":\"en-GB\",\"@id\":\"https:\/\/www.regardsdecyn.com\/produit\/illustration-planche-identification-ecureuil\/#primaryimage\",\"url\":\"https:\/\/www.regardsdecyn.com\/wp-content\/uploads\/2022\/06\/Mockup_planche_ecureuil-2-scaled.jpg\",\"contentUrl\":\"https:\/\/www.regardsdecyn.com\/wp-content\/uploads\/2022\/06\/Mockup_planche_ecureuil-2-scaled.jpg\",\"width\":1758,\"height\":2560,\"caption\":\"planche animaux illustration \u00e9cureuil\"},{\"@type\":\"BreadcrumbList\",\"@id\":\"https:\/\/www.regardsdecyn.com\/produit\/illustration-planche-identification-ecureuil\/#breadcrumb\",\"itemListElement\":[{\"@type\":\"ListItem\",\"position\":1,\"name\":\"Accueil\",\"item\":\"https:\/\/www.regardsdecyn.com\/\"},{\"@type\":\"ListItem\",\"position\":2,\"name\":\"Boutique\",\"item\":\"https:\/\/www.regardsdecyn.com\/boutique-papeterie-eco-responsable\/\"},{\"@type\":\"ListItem\",\"position\":3,\"name\":\"Planche animaux illustration Ecureuil\"}]},{\"@type\":\"WebSite\",\"@id\":\"https:\/\/www.regardsdecyn.com\/#website\",\"url\":\"https:\/\/www.regardsdecyn.com\/\",\"name\":\"Les Regards de Cyn\",\"description\":\"Illustrations nature et Papeterie cr\u00e9ative\",\"potentialAction\":[{\"@type\":\"SearchAction\",\"target\":{\"@type\":\"EntryPoint\",\"urlTemplate\":\"https:\/\/www.regardsdecyn.com\/?s={search_term_string}\"},\"query-input\":{\"@type\":\"PropertyValueSpecification\",\"valueRequired\":true,\"valueName\":\"search_term_string\"}}],\"inLanguage\":\"en-GB\"}]}<\/script>\n<!-- \/ Yoast SEO plugin. -->","yoast_head_json":{"title":"Planche animaux illustration Ecureuil - Les Regards de Cyn","description":"Planche animaux illustration \u00e9cureuil sur format A4 et papier 100% recycl\u00e9. D\u00e9core ta maison avec un morceau de nature et un esprit cabinet de curiosit\u00e9 !","robots":{"index":"index","follow":"follow","max-snippet":"max-snippet:-1","max-image-preview":"max-image-preview:large","max-video-preview":"max-video-preview:-1"},"canonical":"https:\/\/www.regardsdecyn.com\/en\/product\/illustration-planche-identification-ecureuil\/","og_locale":"en_GB","og_type":"article","og_title":"Planche animaux illustration Ecureuil - Les Regards de Cyn","og_description":"Planche animaux illustration \u00e9cureuil sur format A4 et papier 100% recycl\u00e9. D\u00e9core ta maison avec un morceau de nature et un esprit cabinet de curiosit\u00e9 !","og_url":"https:\/\/www.regardsdecyn.com\/en\/product\/illustration-planche-identification-ecureuil\/","og_site_name":"Les Regards de Cyn","article_modified_time":"2026-03-20T10:38:54+00:00","og_image":[{"width":1758,"height":2560,"url":"https:\/\/www.regardsdecyn.com\/wp-content\/uploads\/2022\/06\/Mockup_planche_ecureuil-2-scaled.jpg","type":"image\/jpeg"}],"twitter_card":"summary_large_image","twitter_misc":{"Estimated reading time":"3 minutes"},"schema":{"@context":"https:\/\/schema.org","@graph":[{"@type":"WebPage","@id":"https:\/\/www.regardsdecyn.com\/produit\/illustration-planche-identification-ecureuil\/","url":"https:\/\/www.regardsdecyn.com\/produit\/illustration-planche-identification-ecureuil\/","name":"Planche animaux illustration Ecureuil - Les Regards de Cyn","isPartOf":{"@id":"https:\/\/www.regardsdecyn.com\/#website"},"primaryImageOfPage":{"@id":"https:\/\/www.regardsdecyn.com\/produit\/illustration-planche-identification-ecureuil\/#primaryimage"},"image":{"@id":"https:\/\/www.regardsdecyn.com\/produit\/illustration-planche-identification-ecureuil\/#primaryimage"},"thumbnailUrl":"https:\/\/www.regardsdecyn.com\/wp-content\/uploads\/2022\/06\/Mockup_planche_ecureuil-2-scaled.jpg","datePublished":"2022-02-13T16:15:50+00:00","dateModified":"2026-03-20T10:38:54+00:00","description":"Planche animaux illustration \u00e9cureuil sur format A4 et papier 100% recycl\u00e9. D\u00e9core ta maison avec un morceau de nature et un esprit cabinet de curiosit\u00e9 !","breadcrumb":{"@id":"https:\/\/www.regardsdecyn.com\/produit\/illustration-planche-identification-ecureuil\/#breadcrumb"},"inLanguage":"en-GB","potentialAction":[{"@type":"ReadAction","target":["https:\/\/www.regardsdecyn.com\/produit\/illustration-planche-identification-ecureuil\/"]}]},{"@type":"ImageObject","inLanguage":"en-GB","@id":"https:\/\/www.regardsdecyn.com\/produit\/illustration-planche-identification-ecureuil\/#primaryimage","url":"https:\/\/www.regardsdecyn.com\/wp-content\/uploads\/2022\/06\/Mockup_planche_ecureuil-2-scaled.jpg","contentUrl":"https:\/\/www.regardsdecyn.com\/wp-content\/uploads\/2022\/06\/Mockup_planche_ecureuil-2-scaled.jpg","width":1758,"height":2560,"caption":"planche animaux illustration \u00e9cureuil"},{"@type":"BreadcrumbList","@id":"https:\/\/www.regardsdecyn.com\/produit\/illustration-planche-identification-ecureuil\/#breadcrumb","itemListElement":[{"@type":"ListItem","position":1,"name":"Accueil","item":"https:\/\/www.regardsdecyn.com\/"},{"@type":"ListItem","position":2,"name":"Boutique","item":"https:\/\/www.regardsdecyn.com\/boutique-papeterie-eco-responsable\/"},{"@type":"ListItem","position":3,"name":"Planche animaux illustration Ecureuil"}]},{"@type":"WebSite","@id":"https:\/\/www.regardsdecyn.com\/#website","url":"https:\/\/www.regardsdecyn.com\/","name":"Les Regards de Cyn","description":"Illustrations nature et Papeterie cr\u00e9ative","potentialAction":[{"@type":"SearchAction","target":{"@type":"EntryPoint","urlTemplate":"https:\/\/www.regardsdecyn.com\/?s={search_term_string}"},"query-input":{"@type":"PropertyValueSpecification","valueRequired":true,"valueName":"search_term_string"}}],"inLanguage":"en-GB"}]}},"jetpack_sharing_enabled":true,"_links":{"self":[{"href":"https:\/\/www.regardsdecyn.com\/en\/wp-json\/wp\/v2\/product\/1580","targetHints":{"allow":["GET"]}}],"collection":[{"href":"https:\/\/www.regardsdecyn.com\/en\/wp-json\/wp\/v2\/product"}],"about":[{"href":"https:\/\/www.regardsdecyn.com\/en\/wp-json\/wp\/v2\/types\/product"}],"replies":[{"embeddable":true,"href":"https:\/\/www.regardsdecyn.com\/en\/wp-json\/wp\/v2\/comments?post=1580"}],"version-history":[{"count":7,"href":"https:\/\/www.regardsdecyn.com\/en\/wp-json\/wp\/v2\/product\/1580\/revisions"}],"predecessor-version":[{"id":2958,"href":"https:\/\/www.regardsdecyn.com\/en\/wp-json\/wp\/v2\/product\/1580\/revisions\/2958"}],"wp:featuredmedia":[{"embeddable":true,"href":"https:\/\/www.regardsdecyn.com\/en\/wp-json\/wp\/v2\/media\/1799"}],"wp:attachment":[{"href":"https:\/\/www.regardsdecyn.com\/en\/wp-json\/wp\/v2\/media?parent=1580"}],"wp:term":[{"taxonomy":"product_cat","embeddable":true,"href":"https:\/\/www.regardsdecyn.com\/en\/wp-json\/wp\/v2\/product_cat?post=1580"},{"taxonomy":"product_tag","embeddable":true,"href":"https:\/\/www.regardsdecyn.com\/en\/wp-json\/wp\/v2\/product_tag?post=1580"}],"curies":[{"name":"wp","href":"https:\/\/api.w.org\/{rel}","templated":true}]}}